{"id":102,"date":"2015-09-23T15:20:04","date_gmt":"2015-09-23T15:20:04","guid":{"rendered":"http:\/\/www.concertoplus.eu\/?page_id=102"},"modified":"2015-09-23T15:23:07","modified_gmt":"2015-09-23T15:23:07","slug":"reducing-co2","status":"publish","type":"page","link":"https:\/\/www.concertoplus.eu\/cs\/redukce-co2\/","title":{"rendered":"Sni\u017eov\u00e1n\u00ed CO2"},"content":{"rendered":"<p><strong>Budovy jsou nejv\u011bt\u0161\u00edm energeticky n\u00e1ro\u010dn\u00fdm odv\u011btv\u00edm na sv\u011bt\u011b. P\u0159edstavuj\u00ed 40 % evropsk\u00e9 spot\u0159eby energie a asi t\u0159etinu <a href=\"http:\/\/ec.europa.eu\/eurostat\/statistics-explained\/index.php\/Greenhouse_gas_emission_statistics\" target=\"_blank\">Evropsk\u00e9 emise sklen\u00edkov\u00fdch plyn\u016f<\/a>. Energeticky \u00fa\u010dinn\u00e9 budovy s n\u00edzk\u00fdmi emisemi uhl\u00edku proto hraj\u00ed z\u00e1sadn\u00ed roli p\u0159i dosahov\u00e1n\u00ed v\u00fdznamn\u00e9ho sn\u00ed\u017een\u00ed spot\u0159eby energie a <a href=\"http:\/\/ec.europa.eu\/clima\/policies\/transport\/vehicles\/cars\/index_en.htm\" target=\"_blank\">emise CO2<\/a> v sektoru budov. Komunita CONCERTO se k t\u00e9to v\u00fdzv\u011b postavila vytvo\u0159en\u00edm \u0161irok\u00e9 \u0161k\u00e1ly inovativn\u00edch budov, kter\u00e9 jsou nov\u00e9 nebo renovovan\u00e9.<\/strong><\/p>\n<p style=\"text-align: center;\"><img loading=\"lazy\" decoding=\"async\" class=\"aligncenter size-full wp-image-105\" src=\"http:\/\/www.concertoplus.eu\/wp-content\/uploads\/2015\/09\/CO2-Count-StaticHeader.png\" alt=\"StaticHeader pro po\u010d\u00edt\u00e1n\u00ed CO2\" width=\"950\" height=\"290\" srcset=\"https:\/\/www.concertoplus.eu\/wp-content\/uploads\/2015\/09\/CO2-Count-StaticHeader.png 950w, https:\/\/www.concertoplus.eu\/wp-content\/uploads\/2015\/09\/CO2-Count-StaticHeader-300x92.png 300w\" sizes=\"auto, (max-width: 950px) 100vw, 950px\" \/><\/p>\n<p>Budovy v demonstra\u010dn\u00edch projektech CONCERTO podl\u00e9haj\u00ed ambici\u00f3zn\u00edm po\u017eadavk\u016fm. Spot\u0159eba energie v nov\u00fdch budov\u00e1ch mus\u00ed b\u00fdt nejm\u00e9n\u011b o 30 % ni\u017e\u0161\u00ed ne\u017e n\u00e1rodn\u00ed p\u0159edpisy1. U st\u00e1vaj\u00edc\u00edch budov vy\u017eaduje po rekonstrukci nebo dovybaven\u00ed p\u0159\u00edstup CONCERTO ni\u017e\u0161\u00ed spot\u0159ebu energie na m\u00b2 ne\u017e n\u00e1rodn\u00ed p\u0159edpisy pro nov\u00e9 budovy2.<\/p>\n<p>Bylo zrekonstruov\u00e1no asi 1 400 budov (p\u0159ibli\u017en\u011b 2 miliony m\u00b2) a v\u00edce ne\u017e 3 000 nov\u00fdch dom\u016f (1,75 milionu m\u00b2). Jak dokazuje CONCERTO, d\u00edky vy\u0161\u0161\u00edm standard\u016fm izolace v nov\u00fdch budov\u00e1ch lze ro\u010dn\u011b u\u0161et\u0159it v\u00edce ne\u017e 17 kt emis\u00ed CO2 ve srovn\u00e1n\u00ed s budovami podle n\u00e1rodn\u00ed normy. Opat\u0159en\u00ed na rekonstrukci v CONCERTO nav\u00edc vedou ke sn\u00ed\u017een\u00ed o v\u00edce ne\u017e 17 kt CO2 ka\u017ed\u00fd rok.<\/p>","protected":false},"excerpt":{"rendered":"<p>Buildings are the largest energy consuming sector in the world. They account for 40 % of Europe&#8217;s energy use and for about a third of Europe&#8217;s greenhouse gas emissions. Energy-efficient, low-carbon buildings therefore play a vital role in achieving a significant reduction in energy consumption and CO2 emissions in the buildings sector. The CONCERTO communities [&hellip;]<\/p>","protected":false},"author":1,"featured_media":0,"parent":0,"menu_order":0,"comment_status":"closed","ping_status":"closed","template":"","meta":{"footnotes":""},"class_list":["post-102","page","type-page","status-publish","hentry"],"yoast_head":"<!-- This site is optimized with the Yoast SEO plugin v25.3.1 - https:\/\/yoast.com\/wordpress\/plugins\/seo\/ -->\n<title>Reducing CO2 - Concerto Plus<\/title>\n<meta name=\"description\" content=\"Buildings are the largest energy consuming sector in the world. They account for 40 % of Europe&#039;s energy use and for about a third of Europe greenhouse gas.\" \/>\n<meta name=\"robots\" content=\"index, follow, max-snippet:-1, max-image-preview:large, max-video-preview:-1\" \/>\n<link rel=\"canonical\" href=\"https:\/\/www.concertoplus.eu\/cs\/redukcia-co2\/\" \/>\n<meta property=\"og:locale\" content=\"cs_CZ\" \/>\n<meta property=\"og:type\" content=\"article\" \/>\n<meta property=\"og:title\" content=\"Reducing CO2 - Concerto Plus\" \/>\n<meta property=\"og:description\" content=\"Buildings are the largest energy consuming sector in the world. They account for 40 % of Europe&#039;s energy use and for about a third of Europe greenhouse gas.\" \/>\n<meta property=\"og:url\" content=\"https:\/\/www.concertoplus.eu\/cs\/redukcia-co2\/\" \/>\n<meta property=\"og:site_name\" content=\"Concerto Plus\" \/>\n<meta property=\"article:modified_time\" content=\"2015-09-23T15:23:07+00:00\" \/>\n<meta property=\"og:image\" content=\"https:\/\/www.concertoplus.eu\/wp-content\/uploads\/2015\/09\/CO2-Count-StaticHeader.png\" \/>\n\t<meta property=\"og:image:width\" content=\"950\" \/>\n\t<meta property=\"og:image:height\" content=\"290\" \/>\n\t<meta property=\"og:image:type\" content=\"image\/png\" \/>\n<meta name=\"twitter:card\" content=\"summary_large_image\" \/>\n<meta name=\"twitter:label1\" content=\"Odhadovan\u00e1 doba \u010dten\u00ed\" \/>\n\t<meta name=\"twitter:data1\" content=\"1 minuta\" \/>\n<script type=\"application\/ld+json\" class=\"yoast-schema-graph\">{\"@context\":\"https:\/\/schema.org\",\"@graph\":[{\"@type\":\"WebPage\",\"@id\":\"https:\/\/www.concertoplus.eu\/sk\/redukcia-co2\/\",\"url\":\"https:\/\/www.concertoplus.eu\/sk\/redukcia-co2\/\",\"name\":\"Reducing CO2 - Concerto Plus\",\"isPartOf\":{\"@id\":\"https:\/\/www.concertoplus.eu\/sk\/#website\"},\"primaryImageOfPage\":{\"@id\":\"https:\/\/www.concertoplus.eu\/sk\/redukcia-co2\/#primaryimage\"},\"image\":{\"@id\":\"https:\/\/www.concertoplus.eu\/sk\/redukcia-co2\/#primaryimage\"},\"thumbnailUrl\":\"http:\/\/www.concertoplus.eu\/wp-content\/uploads\/2015\/09\/CO2-Count-StaticHeader.png\",\"datePublished\":\"2015-09-23T15:20:04+00:00\",\"dateModified\":\"2015-09-23T15:23:07+00:00\",\"description\":\"Buildings are the largest energy consuming sector in the world. They account for 40 % of Europe's energy use and for about a third of Europe greenhouse gas.\",\"breadcrumb\":{\"@id\":\"https:\/\/www.concertoplus.eu\/sk\/redukcia-co2\/#breadcrumb\"},\"inLanguage\":\"cs\",\"potentialAction\":[{\"@type\":\"ReadAction\",\"target\":[\"https:\/\/www.concertoplus.eu\/sk\/redukcia-co2\/\"]}]},{\"@type\":\"ImageObject\",\"inLanguage\":\"cs\",\"@id\":\"https:\/\/www.concertoplus.eu\/sk\/redukcia-co2\/#primaryimage\",\"url\":\"http:\/\/www.concertoplus.eu\/wp-content\/uploads\/2015\/09\/CO2-Count-StaticHeader.png\",\"contentUrl\":\"http:\/\/www.concertoplus.eu\/wp-content\/uploads\/2015\/09\/CO2-Count-StaticHeader.png\"},{\"@type\":\"BreadcrumbList\",\"@id\":\"https:\/\/www.concertoplus.eu\/sk\/redukcia-co2\/#breadcrumb\",\"itemListElement\":[{\"@type\":\"ListItem\",\"position\":1,\"name\":\"Home\",\"item\":\"https:\/\/www.concertoplus.eu\/\"},{\"@type\":\"ListItem\",\"position\":2,\"name\":\"Reducing CO2\"}]},{\"@type\":\"WebSite\",\"@id\":\"https:\/\/www.concertoplus.eu\/sk\/#website\",\"url\":\"https:\/\/www.concertoplus.eu\/sk\/\",\"name\":\"Concerto Plus\",\"description\":\"\",\"potentialAction\":[{\"@type\":\"SearchAction\",\"target\":{\"@type\":\"EntryPoint\",\"urlTemplate\":\"https:\/\/www.concertoplus.eu\/sk\/?s={search_term_string}\"},\"query-input\":{\"@type\":\"PropertyValueSpecification\",\"valueRequired\":true,\"valueName\":\"search_term_string\"}}],\"inLanguage\":\"cs\"}]}<\/script>\n<!-- \/ Yoast SEO plugin. -->","yoast_head_json":{"title":"Reducing CO2 - Concerto Plus","description":"Buildings are the largest energy consuming sector in the world. They account for 40 % of Europe's energy use and for about a third of Europe greenhouse gas.","robots":{"index":"index","follow":"follow","max-snippet":"max-snippet:-1","max-image-preview":"max-image-preview:large","max-video-preview":"max-video-preview:-1"},"canonical":"https:\/\/www.concertoplus.eu\/cs\/redukcia-co2\/","og_locale":"cs_CZ","og_type":"article","og_title":"Reducing CO2 - Concerto Plus","og_description":"Buildings are the largest energy consuming sector in the world. They account for 40 % of Europe's energy use and for about a third of Europe greenhouse gas.","og_url":"https:\/\/www.concertoplus.eu\/cs\/redukcia-co2\/","og_site_name":"Concerto Plus","article_modified_time":"2015-09-23T15:23:07+00:00","og_image":[{"width":950,"height":290,"url":"https:\/\/www.concertoplus.eu\/wp-content\/uploads\/2015\/09\/CO2-Count-StaticHeader.png","type":"image\/png"}],"twitter_card":"summary_large_image","twitter_misc":{"Odhadovan\u00e1 doba \u010dten\u00ed":"1 minuta"},"schema":{"@context":"https:\/\/schema.org","@graph":[{"@type":"WebPage","@id":"https:\/\/www.concertoplus.eu\/sk\/redukcia-co2\/","url":"https:\/\/www.concertoplus.eu\/sk\/redukcia-co2\/","name":"Reducing CO2 - Concerto Plus","isPartOf":{"@id":"https:\/\/www.concertoplus.eu\/sk\/#website"},"primaryImageOfPage":{"@id":"https:\/\/www.concertoplus.eu\/sk\/redukcia-co2\/#primaryimage"},"image":{"@id":"https:\/\/www.concertoplus.eu\/sk\/redukcia-co2\/#primaryimage"},"thumbnailUrl":"http:\/\/www.concertoplus.eu\/wp-content\/uploads\/2015\/09\/CO2-Count-StaticHeader.png","datePublished":"2015-09-23T15:20:04+00:00","dateModified":"2015-09-23T15:23:07+00:00","description":"Buildings are the largest energy consuming sector in the world. They account for 40 % of Europe's energy use and for about a third of Europe greenhouse gas.","breadcrumb":{"@id":"https:\/\/www.concertoplus.eu\/sk\/redukcia-co2\/#breadcrumb"},"inLanguage":"cs","potentialAction":[{"@type":"ReadAction","target":["https:\/\/www.concertoplus.eu\/sk\/redukcia-co2\/"]}]},{"@type":"ImageObject","inLanguage":"cs","@id":"https:\/\/www.concertoplus.eu\/sk\/redukcia-co2\/#primaryimage","url":"http:\/\/www.concertoplus.eu\/wp-content\/uploads\/2015\/09\/CO2-Count-StaticHeader.png","contentUrl":"http:\/\/www.concertoplus.eu\/wp-content\/uploads\/2015\/09\/CO2-Count-StaticHeader.png"},{"@type":"BreadcrumbList","@id":"https:\/\/www.concertoplus.eu\/sk\/redukcia-co2\/#breadcrumb","itemListElement":[{"@type":"ListItem","position":1,"name":"Home","item":"https:\/\/www.concertoplus.eu\/"},{"@type":"ListItem","position":2,"name":"Reducing CO2"}]},{"@type":"WebSite","@id":"https:\/\/www.concertoplus.eu\/sk\/#website","url":"https:\/\/www.concertoplus.eu\/sk\/","name":"Concerto Plus","description":"","potentialAction":[{"@type":"SearchAction","target":{"@type":"EntryPoint","urlTemplate":"https:\/\/www.concertoplus.eu\/sk\/?s={search_term_string}"},"query-input":{"@type":"PropertyValueSpecification","valueRequired":true,"valueName":"search_term_string"}}],"inLanguage":"cs"}]}},"_links":{"self":[{"href":"https:\/\/www.concertoplus.eu\/cs\/wp-json\/wp\/v2\/pages\/102","targetHints":{"allow":["GET"]}}],"collection":[{"href":"https:\/\/www.concertoplus.eu\/cs\/wp-json\/wp\/v2\/pages"}],"about":[{"href":"https:\/\/www.concertoplus.eu\/cs\/wp-json\/wp\/v2\/types\/page"}],"author":[{"embeddable":true,"href":"https:\/\/www.concertoplus.eu\/cs\/wp-json\/wp\/v2\/users\/1"}],"replies":[{"embeddable":true,"href":"https:\/\/www.concertoplus.eu\/cs\/wp-json\/wp\/v2\/comments?post=102"}],"version-history":[{"count":0,"href":"https:\/\/www.concertoplus.eu\/cs\/wp-json\/wp\/v2\/pages\/102\/revisions"}],"wp:attachment":[{"href":"https:\/\/www.concertoplus.eu\/cs\/wp-json\/wp\/v2\/media?parent=102"}],"curies":[{"name":"wp","href":"https:\/\/api.w.org\/{rel}","templated":true}]}}