{"id":221,"date":"2015-09-29T10:34:40","date_gmt":"2015-09-29T10:34:40","guid":{"rendered":"http:\/\/www.concertoplus.eu\/?page_id=221"},"modified":"2015-09-29T10:50:35","modified_gmt":"2015-09-29T10:50:35","slug":"future-projects","status":"publish","type":"page","link":"https:\/\/www.concertoplus.eu\/cs\/dopady\/budouci-projekty\/","title":{"rendered":"Budouc\u00ed projekty"},"content":{"rendered":"<p><strong>Role model\u016f pro budouc\u00ed projekty CONCERTO jako hleda\u010d cesty k lep\u0161\u00ed budoucnosti<\/strong><\/p>\n<p>Iniciativa CONCERTO za\u010dala ambici\u00f3zn\u00edmi c\u00edli - a byla \u00fasp\u011b\u0161n\u00e1. C\u00edle CONCERTA t\u00fdkaj\u00edc\u00ed se budov byly obecn\u011b spln\u011bny a v n\u011bkter\u00fdch p\u0159\u00edpadech byly dokonce p\u0159ekro\u010deny. T\u00e9m\u011b\u0159 ka\u017ed\u00e1 komunita CONCERTO jasn\u011b sn\u00ed\u017eila energetickou n\u00e1ro\u010dnost budov a jejich emise CO2. Stanoven\u00e9ho c\u00edle sn\u00ed\u017eit podle nov\u00fdch p\u0159edpis\u016f energetickou n\u00e1ro\u010dnost nov\u00fdch budov o 30 % ve srovn\u00e1n\u00ed s referen\u010dn\u00ed budovou bylo v komunit\u00e1ch CONCERTO dosa\u017eeno a\u017e na n\u011bkolik v\u00fdjimek.<\/p>\n<p><img loading=\"lazy\" decoding=\"async\" class=\"aligncenter size-full wp-image-233\" src=\"http:\/\/www.concertoplus.eu\/wp-content\/uploads\/2015\/09\/windfarms.jpg\" alt=\"v\u011btrn\u00e9 farmy\" width=\"643\" height=\"211\" srcset=\"https:\/\/www.concertoplus.eu\/wp-content\/uploads\/2015\/09\/windfarms.jpg 643w, https:\/\/www.concertoplus.eu\/wp-content\/uploads\/2015\/09\/windfarms-300x98.jpg 300w\" sizes=\"auto, (max-width: 643px) 100vw, 643px\" \/><\/p>\n<p><strong>Instalovan\u00e1 kapacita obnoviteln\u00fdch energi\u00ed byla rovn\u011b\u017e zna\u010dn\u011b zv\u00fd\u0161ena v\u011bt\u0161inou komunit CONCERTO. Mnoho inovativn\u00edch technologi\u00ed ji\u017e existuje a je p\u0159ipraveno k pou\u017eit\u00ed. D\u016fle\u017eit\u00fdm aspektem je, \u017ee tyto technologie tvo\u0159ily sou\u010d\u00e1st integrovan\u00e9ho technologick\u00e9ho p\u0159\u00edstupu, v\u010detn\u011b chytr\u00e9 kombinace opat\u0159en\u00ed, a u\u017e to nebyly jen jednotliv\u00e9 jednotliv\u00e9 technologie.<\/strong><\/p>\n<p>Partne\u0159i projektu se museli nau\u010dit zach\u00e1zet s nov\u00fdmi technologiemi, kter\u00e9 d\u0159\u00edve nebyly v n\u011bkter\u00fdch zem\u00edch k dispozici. Opat\u0159en\u00ed a strategie musely b\u00fdt p\u0159izp\u016fsobeny m\u00edstn\u00edm podm\u00ednk\u00e1m - nejen na technick\u00e9 \u00farovni, ale tak\u00e9 s ohledem na klimatick\u00e9 a kulturn\u00ed rozd\u00edly nebo m\u00edstn\u00ed politick\u00e9 aspekty. Iniciativa CONCERTO dokazuje, \u017ee p\u0159i spr\u00e1vn\u00e9m pl\u00e1nov\u00e1n\u00ed a zahrnut\u00ed v\u0161ech pot\u0159ebn\u00fdch z\u00fa\u010dastn\u011bn\u00fdch stran od za\u010d\u00e1tku a\u017e do konce projektu mohou b\u00fdt m\u011bsta a komunity transformov\u00e1ny na pr\u016fkopn\u00edky udr\u017eiteln\u00e9 energie. V\u011bt\u0161ina projekt\u016f CONCERTO ji\u017e inspirovala navazuj\u00edc\u00ed projekty a mnoho politick\u00fdch v\u00fdvoj\u016f na m\u00edstn\u00ed a n\u011bkdy i na n\u00e1rodn\u00ed \u00farovni. Tyto projekty tak polo\u017eily d\u016fle\u017eit\u00fd z\u00e1klad, na kter\u00e9m nyn\u00ed mohou stav\u011bt projekty Smart Cities.<\/p>","protected":false},"excerpt":{"rendered":"<p>Role models for future projects CONCERTO as a path finder for a better future The CONCERTO initiative started with ambitious goals \u2013 and it has been successful. CONCERTO`s objectives regarding buildings have generally been met and have even been exceeded in some cases. Almost every CONCERTO community clearly reduced the energy demand of buildings and [&hellip;]<\/p>","protected":false},"author":1,"featured_media":0,"parent":219,"menu_order":0,"comment_status":"closed","ping_status":"closed","template":"","meta":{"footnotes":""},"class_list":["post-221","page","type-page","status-publish","hentry"],"yoast_head":"<!-- This site is optimized with the Yoast SEO plugin v25.3.1 - https:\/\/yoast.com\/wordpress\/plugins\/seo\/ -->\n<title>Future projects - Concerto Plus<\/title>\n<meta name=\"description\" content=\"CONCERTO`s objectives regarding buildings have generally been met and have even been exceeded in some cases\" \/>\n<meta name=\"robots\" content=\"index, follow, max-snippet:-1, max-image-preview:large, max-video-preview:-1\" \/>\n<link rel=\"canonical\" href=\"https:\/\/www.concertoplus.eu\/cs\/auswirkungen\/zukunftige-projekte\/\" \/>\n<meta property=\"og:locale\" content=\"cs_CZ\" \/>\n<meta property=\"og:type\" content=\"article\" \/>\n<meta property=\"og:title\" content=\"Future projects - Concerto Plus\" \/>\n<meta property=\"og:description\" content=\"CONCERTO`s objectives regarding buildings have generally been met and have even been exceeded in some cases\" \/>\n<meta property=\"og:url\" content=\"https:\/\/www.concertoplus.eu\/cs\/auswirkungen\/zukunftige-projekte\/\" \/>\n<meta property=\"og:site_name\" content=\"Concerto Plus\" \/>\n<meta property=\"article:modified_time\" content=\"2015-09-29T10:50:35+00:00\" \/>\n<meta property=\"og:image\" content=\"https:\/\/www.concertoplus.eu\/wp-content\/uploads\/2015\/09\/windfarms.jpg\" \/>\n\t<meta property=\"og:image:width\" content=\"643\" \/>\n\t<meta property=\"og:image:height\" content=\"211\" \/>\n\t<meta property=\"og:image:type\" content=\"image\/jpeg\" \/>\n<meta name=\"twitter:card\" content=\"summary_large_image\" \/>\n<meta name=\"twitter:label1\" content=\"Odhadovan\u00e1 doba \u010dten\u00ed\" \/>\n\t<meta name=\"twitter:data1\" content=\"1 minuta\" \/>\n<script type=\"application\/ld+json\" class=\"yoast-schema-graph\">{\"@context\":\"https:\/\/schema.org\",\"@graph\":[{\"@type\":\"WebPage\",\"@id\":\"https:\/\/www.concertoplus.eu\/de\/auswirkungen\/zukunftige-projekte\/\",\"url\":\"https:\/\/www.concertoplus.eu\/de\/auswirkungen\/zukunftige-projekte\/\",\"name\":\"Future projects - Concerto Plus\",\"isPartOf\":{\"@id\":\"https:\/\/www.concertoplus.eu\/sk\/#website\"},\"primaryImageOfPage\":{\"@id\":\"https:\/\/www.concertoplus.eu\/de\/auswirkungen\/zukunftige-projekte\/#primaryimage\"},\"image\":{\"@id\":\"https:\/\/www.concertoplus.eu\/de\/auswirkungen\/zukunftige-projekte\/#primaryimage\"},\"thumbnailUrl\":\"http:\/\/www.concertoplus.eu\/wp-content\/uploads\/2015\/09\/windfarms.jpg\",\"datePublished\":\"2015-09-29T10:34:40+00:00\",\"dateModified\":\"2015-09-29T10:50:35+00:00\",\"description\":\"CONCERTO`s objectives regarding buildings have generally been met and have even been exceeded in some cases\",\"breadcrumb\":{\"@id\":\"https:\/\/www.concertoplus.eu\/de\/auswirkungen\/zukunftige-projekte\/#breadcrumb\"},\"inLanguage\":\"cs\",\"potentialAction\":[{\"@type\":\"ReadAction\",\"target\":[\"https:\/\/www.concertoplus.eu\/de\/auswirkungen\/zukunftige-projekte\/\"]}]},{\"@type\":\"ImageObject\",\"inLanguage\":\"cs\",\"@id\":\"https:\/\/www.concertoplus.eu\/de\/auswirkungen\/zukunftige-projekte\/#primaryimage\",\"url\":\"http:\/\/www.concertoplus.eu\/wp-content\/uploads\/2015\/09\/windfarms.jpg\",\"contentUrl\":\"http:\/\/www.concertoplus.eu\/wp-content\/uploads\/2015\/09\/windfarms.jpg\"},{\"@type\":\"BreadcrumbList\",\"@id\":\"https:\/\/www.concertoplus.eu\/de\/auswirkungen\/zukunftige-projekte\/#breadcrumb\",\"itemListElement\":[{\"@type\":\"ListItem\",\"position\":1,\"name\":\"Home\",\"item\":\"https:\/\/www.concertoplus.eu\/\"},{\"@type\":\"ListItem\",\"position\":2,\"name\":\"Impacts\",\"item\":\"https:\/\/www.concertoplus.eu\/de\/auswirkungen\/\"},{\"@type\":\"ListItem\",\"position\":3,\"name\":\"Future projects\"}]},{\"@type\":\"WebSite\",\"@id\":\"https:\/\/www.concertoplus.eu\/sk\/#website\",\"url\":\"https:\/\/www.concertoplus.eu\/sk\/\",\"name\":\"Concerto Plus\",\"description\":\"\",\"potentialAction\":[{\"@type\":\"SearchAction\",\"target\":{\"@type\":\"EntryPoint\",\"urlTemplate\":\"https:\/\/www.concertoplus.eu\/sk\/?s={search_term_string}\"},\"query-input\":{\"@type\":\"PropertyValueSpecification\",\"valueRequired\":true,\"valueName\":\"search_term_string\"}}],\"inLanguage\":\"cs\"}]}<\/script>\n<!-- \/ Yoast SEO plugin. -->","yoast_head_json":{"title":"Future projects - Concerto Plus","description":"CONCERTO`s objectives regarding buildings have generally been met and have even been exceeded in some cases","robots":{"index":"index","follow":"follow","max-snippet":"max-snippet:-1","max-image-preview":"max-image-preview:large","max-video-preview":"max-video-preview:-1"},"canonical":"https:\/\/www.concertoplus.eu\/cs\/auswirkungen\/zukunftige-projekte\/","og_locale":"cs_CZ","og_type":"article","og_title":"Future projects - Concerto Plus","og_description":"CONCERTO`s objectives regarding buildings have generally been met and have even been exceeded in some cases","og_url":"https:\/\/www.concertoplus.eu\/cs\/auswirkungen\/zukunftige-projekte\/","og_site_name":"Concerto Plus","article_modified_time":"2015-09-29T10:50:35+00:00","og_image":[{"width":643,"height":211,"url":"https:\/\/www.concertoplus.eu\/wp-content\/uploads\/2015\/09\/windfarms.jpg","type":"image\/jpeg"}],"twitter_card":"summary_large_image","twitter_misc":{"Odhadovan\u00e1 doba \u010dten\u00ed":"1 minuta"},"schema":{"@context":"https:\/\/schema.org","@graph":[{"@type":"WebPage","@id":"https:\/\/www.concertoplus.eu\/de\/auswirkungen\/zukunftige-projekte\/","url":"https:\/\/www.concertoplus.eu\/de\/auswirkungen\/zukunftige-projekte\/","name":"Future projects - Concerto Plus","isPartOf":{"@id":"https:\/\/www.concertoplus.eu\/sk\/#website"},"primaryImageOfPage":{"@id":"https:\/\/www.concertoplus.eu\/de\/auswirkungen\/zukunftige-projekte\/#primaryimage"},"image":{"@id":"https:\/\/www.concertoplus.eu\/de\/auswirkungen\/zukunftige-projekte\/#primaryimage"},"thumbnailUrl":"http:\/\/www.concertoplus.eu\/wp-content\/uploads\/2015\/09\/windfarms.jpg","datePublished":"2015-09-29T10:34:40+00:00","dateModified":"2015-09-29T10:50:35+00:00","description":"CONCERTO`s objectives regarding buildings have generally been met and have even been exceeded in some cases","breadcrumb":{"@id":"https:\/\/www.concertoplus.eu\/de\/auswirkungen\/zukunftige-projekte\/#breadcrumb"},"inLanguage":"cs","potentialAction":[{"@type":"ReadAction","target":["https:\/\/www.concertoplus.eu\/de\/auswirkungen\/zukunftige-projekte\/"]}]},{"@type":"ImageObject","inLanguage":"cs","@id":"https:\/\/www.concertoplus.eu\/de\/auswirkungen\/zukunftige-projekte\/#primaryimage","url":"http:\/\/www.concertoplus.eu\/wp-content\/uploads\/2015\/09\/windfarms.jpg","contentUrl":"http:\/\/www.concertoplus.eu\/wp-content\/uploads\/2015\/09\/windfarms.jpg"},{"@type":"BreadcrumbList","@id":"https:\/\/www.concertoplus.eu\/de\/auswirkungen\/zukunftige-projekte\/#breadcrumb","itemListElement":[{"@type":"ListItem","position":1,"name":"Home","item":"https:\/\/www.concertoplus.eu\/"},{"@type":"ListItem","position":2,"name":"Impacts","item":"https:\/\/www.concertoplus.eu\/de\/auswirkungen\/"},{"@type":"ListItem","position":3,"name":"Future projects"}]},{"@type":"WebSite","@id":"https:\/\/www.concertoplus.eu\/sk\/#website","url":"https:\/\/www.concertoplus.eu\/sk\/","name":"Concerto Plus","description":"","potentialAction":[{"@type":"SearchAction","target":{"@type":"EntryPoint","urlTemplate":"https:\/\/www.concertoplus.eu\/sk\/?s={search_term_string}"},"query-input":{"@type":"PropertyValueSpecification","valueRequired":true,"valueName":"search_term_string"}}],"inLanguage":"cs"}]}},"_links":{"self":[{"href":"https:\/\/www.concertoplus.eu\/cs\/wp-json\/wp\/v2\/pages\/221","targetHints":{"allow":["GET"]}}],"collection":[{"href":"https:\/\/www.concertoplus.eu\/cs\/wp-json\/wp\/v2\/pages"}],"about":[{"href":"https:\/\/www.concertoplus.eu\/cs\/wp-json\/wp\/v2\/types\/page"}],"author":[{"embeddable":true,"href":"https:\/\/www.concertoplus.eu\/cs\/wp-json\/wp\/v2\/users\/1"}],"replies":[{"embeddable":true,"href":"https:\/\/www.concertoplus.eu\/cs\/wp-json\/wp\/v2\/comments?post=221"}],"version-history":[{"count":0,"href":"https:\/\/www.concertoplus.eu\/cs\/wp-json\/wp\/v2\/pages\/221\/revisions"}],"up":[{"embeddable":true,"href":"https:\/\/www.concertoplus.eu\/cs\/wp-json\/wp\/v2\/pages\/219"}],"wp:attachment":[{"href":"https:\/\/www.concertoplus.eu\/cs\/wp-json\/wp\/v2\/media?parent=221"}],"curies":[{"name":"wp","href":"https:\/\/api.w.org\/{rel}","templated":true}]}}