{"id":245,"date":"2015-09-29T11:00:39","date_gmt":"2015-09-29T11:00:39","guid":{"rendered":"http:\/\/www.concertoplus.eu\/?page_id=245"},"modified":"2015-09-29T11:03:03","modified_gmt":"2015-09-29T11:03:03","slug":"it-products","status":"publish","type":"page","link":"https:\/\/www.concertoplus.eu\/cs\/dopady\/it-products\/","title":{"rendered":"IT produkty"},"content":{"rendered":"<p><strong>Inovativn\u00ed IT produkty - nov\u00e9 trhy CONCERTO jako st\u00e1n\u00ed na trhu pro \u0159e\u0161en\u00ed do budoucna<\/strong><\/p>\n<p>V r\u00e1mci technick\u00e9ho rozsahu opat\u0159en\u00ed energetick\u00e9 \u00fa\u010dinnosti existuje siln\u00fd trend ke komplexn\u011bj\u0161\u00edm syst\u00e9m\u016fm, kter\u00e9 spojuj\u00ed r\u016fzn\u00e9 oblasti rozvoje a \u0159\u00edzen\u00ed m\u011bst. S t\u00edm, jak se syst\u00e9my st\u00e1vaj\u00ed slo\u017eit\u011bj\u0161\u00edmi, roste pot\u0159eba v\u011bt\u0161\u00ed asistence u\u017eivatel\u016f. \u0158e\u0161en\u00ed budou m\u00edt trh, pokud se jim poda\u0159\u00ed integrovat v\u00edce \u201einteligence\u201c do IT produktu a udr\u017eovat rozhran\u00ed pro r\u016fzn\u00e9 z\u00fa\u010dastn\u011bn\u00e9 strany nebo u\u017eivatele jednoduch\u00e9 a intuitivn\u00ed. Jak se hranice syst\u00e9mu roz\u0161i\u0159uj\u00ed nebo jsou dokonce rozpu\u0161t\u011bny, bude nezbytn\u00e1 standardizace a rozhran\u00ed.<\/p>\n<p><em>S rostouc\u00edm pod\u00edlem obnoviteln\u00fdch zdroj\u016f energie a postupn\u00fdm zav\u00e1d\u011bn\u00edm decentralizovan\u00e9 v\u00fdroby energie bude \u0159\u00edzen\u00ed nab\u00eddky a popt\u00e1vky zalo\u017een\u00e9 na IT velmi d\u016fle\u017eit\u00e9. Nov\u00e9 trhy s IT \u0159e\u0161en\u00edmi a syst\u00e9my se rychle vyv\u00edjej\u00ed a CONCERTO je \u201ezkou\u0161kou\u201c mnoha t\u011bchto \u0159e\u0161en\u00ed.<\/em><\/p>\n<p style=\"text-align: center;\"><img loading=\"lazy\" decoding=\"async\" class=\"aligncenter size-full wp-image-246\" src=\"http:\/\/www.concertoplus.eu\/wp-content\/uploads\/2015\/09\/aa.jpg\" alt=\"koncert\" width=\"944\" height=\"333\" srcset=\"https:\/\/www.concertoplus.eu\/wp-content\/uploads\/2015\/09\/aa.jpg 944w, https:\/\/www.concertoplus.eu\/wp-content\/uploads\/2015\/09\/aa-300x106.jpg 300w\" sizes=\"auto, (max-width: 944px) 100vw, 944px\" \/><\/p>\n<p>A\u010dkoli projekty CONCERTO nebyly projekty z\u00e1kladn\u00edho v\u00fdzkumu, ale zam\u011b\u0159ily se na demonstraci udr\u017eiteln\u00fdch koncept\u016f pro budouc\u00ed rozvoj okres\u016f a komunit, doprov\u00e1zen\u00e9 v\u00fdzkumn\u00fdmi aktivitami, uk\u00e1zaly vynikaj\u00edc\u00ed p\u0159\u00edklady IT \u0159e\u0161en\u00ed. Projekty prok\u00e1zaly u r\u016fzn\u00fdch d\u016fle\u017eit\u00fdch \u0159e\u0161en\u00ed, \u017ee funguj\u00ed v re\u00e1ln\u00fdch situac\u00edch a \u017ee jsou u\u017eite\u010dn\u00e9 pro zlep\u0161en\u00ed pl\u00e1novac\u00edch a provozn\u00edch \u010dinnost\u00ed a pro sn\u00ed\u017een\u00ed emis\u00ed CO2 z budov, \u010dtvrt\u00ed a m\u011bst.<\/p>\n<p><strong>Inteligentn\u00ed m\u0159\u00ed\u017eky s jejich r\u016fzn\u00fdmi sou\u010d\u00e1stmi byly v ned\u00e1vn\u00e9 dob\u011b d\u016fle\u017eit\u00fdm t\u00e9matem <a href=\"http:\/\/eur-lex.europa.eu\/summary\/chapter\/energy.html?root_default=SUM_1_CODED=18\" target=\"_blank\">Energetick\u00e9 pr\u00e1vn\u00ed p\u0159edpisy EU<\/a> a odkazuje se na veden\u00ed. N\u00e1stroje napom\u00e1haj\u00edc\u00ed implementaci, nap\u0159\u00edklad <a href=\"https:\/\/en.wikipedia.org\/wiki\/Geographic_information_system\" target=\"_blank\">GIS<\/a> a simula\u010dn\u00ed technologie jasn\u011b hraj\u00ed d\u016fle\u017eitou podp\u016frnou roli v procesu pl\u00e1nov\u00e1n\u00ed, co\u017e vede k praktick\u00e9 implementaci t\u011bchto technologi\u00ed. Po cel\u00e9 Evrop\u011b prob\u00edh\u00e1 intenzivn\u00ed v\u00fdzkum a r\u016fzn\u00e9 ter\u00e9nn\u00ed testy t\u00fdkaj\u00edc\u00ed se inteligentn\u00edch m\u011b\u0159i\u010d\u016f, skladov\u00e1n\u00ed energie a \u0159\u00edzen\u00ed nab\u00eddky a popt\u00e1vky.<\/strong><\/p>\n<p>Monitorov\u00e1n\u00ed je nezbytn\u00fdm z\u00e1kladem pro prok\u00e1z\u00e1n\u00ed a optimalizaci efektivn\u00edho provozu budov, energetick\u00fdch jednotek nebo kombinovan\u00fdch syst\u00e9m\u016f na \u00farovni okres\u016f. Projekty CONCERTO aplikovaly \u0161irokou \u0161k\u00e1lu monitorovac\u00edch \u0159e\u0161en\u00ed, od manu\u00e1ln\u00edho ode\u010dtu m\u011b\u0159i\u010d\u016f po bezdr\u00e1tov\u00e9 s\u00edt\u011b a od jednotliv\u00fdch parametr\u016f, jako je spot\u0159eba energie na vyt\u00e1p\u011bn\u00ed, a\u017e po velkou sadu parametr\u016f, v\u010detn\u011b nap\u0159\u00edklad u\u017eivatelsk\u00e9ho pohodl\u00ed.<\/p>\n<p>Ve v\u00fdsledku vy\u0161lo najevo, \u017ee monitorov\u00e1n\u00ed mus\u00ed b\u00fdt sou\u010d\u00e1st\u00ed integrovan\u00e9ho pl\u00e1novac\u00edho procesu od sam\u00e9ho za\u010d\u00e1tku, aby se p\u0159ede\u0161lo probl\u00e9m\u016fm s instalac\u00ed a implementac\u00ed, aby fungovalo spr\u00e1vn\u011b a nakonec \u0161et\u0159ilo n\u00e1klady. GIS frameworky nab\u00edzej\u00ed komplexn\u00ed programovac\u00ed prost\u0159ed\u00ed pro p\u0159id\u00e1n\u00ed v\u00fdpo\u010dtu, modelov\u00e1n\u00ed a simulace ke geografick\u00e9mu zobrazen\u00ed objekt\u016f. Tyto r\u00e1mce jsou velmi vhodn\u00e9 pro provoz, spr\u00e1vu a optimalizaci integrovan\u00fdch energetick\u00fdch s\u00edt\u00ed na \u00farovni komunity nebo m\u011bsta.<\/p>","protected":false},"excerpt":{"rendered":"<p>Innovative IT products \u2013 new markets CONCERTO as a market stall for forward looking solutions Within the technical scope of energy efficiency measures, there is a strong trend to more complex systems, bringing different fields of city development and management together. With systems becoming more complex, there is an increasing need for greater user assistance. [&hellip;]<\/p>","protected":false},"author":1,"featured_media":0,"parent":219,"menu_order":0,"comment_status":"closed","ping_status":"closed","template":"","meta":{"footnotes":""},"class_list":["post-245","page","type-page","status-publish","hentry"],"yoast_head":"<!-- This site is optimized with the Yoast SEO plugin v25.3.1 - https:\/\/yoast.com\/wordpress\/plugins\/seo\/ -->\n<title>IT products - Concerto Plus<\/title>\n<meta name=\"description\" content=\"With the increasing share of renewable energy sources and progressive implementation of decentralised energy production.\" \/>\n<meta name=\"robots\" content=\"index, follow, max-snippet:-1, max-image-preview:large, max-video-preview:-1\" \/>\n<link rel=\"canonical\" href=\"https:\/\/www.concertoplus.eu\/cs\/auswirkungen\/it-produkte\/\" \/>\n<meta property=\"og:locale\" content=\"cs_CZ\" \/>\n<meta property=\"og:type\" content=\"article\" \/>\n<meta property=\"og:title\" content=\"IT products - Concerto Plus\" \/>\n<meta property=\"og:description\" content=\"With the increasing share of renewable energy sources and progressive implementation of decentralised energy production.\" \/>\n<meta property=\"og:url\" content=\"https:\/\/www.concertoplus.eu\/cs\/auswirkungen\/it-produkte\/\" \/>\n<meta property=\"og:site_name\" content=\"Concerto Plus\" \/>\n<meta property=\"article:modified_time\" content=\"2015-09-29T11:03:03+00:00\" \/>\n<meta property=\"og:image\" content=\"https:\/\/www.concertoplus.eu\/wp-content\/uploads\/2015\/09\/aa.jpg\" \/>\n\t<meta property=\"og:image:width\" content=\"944\" \/>\n\t<meta property=\"og:image:height\" content=\"333\" \/>\n\t<meta property=\"og:image:type\" content=\"image\/jpeg\" \/>\n<meta name=\"twitter:card\" content=\"summary_large_image\" \/>\n<meta name=\"twitter:label1\" content=\"Odhadovan\u00e1 doba \u010dten\u00ed\" \/>\n\t<meta name=\"twitter:data1\" content=\"2 minuty\" \/>\n<script type=\"application\/ld+json\" class=\"yoast-schema-graph\">{\"@context\":\"https:\/\/schema.org\",\"@graph\":[{\"@type\":\"WebPage\",\"@id\":\"https:\/\/www.concertoplus.eu\/de\/auswirkungen\/it-produkte\/\",\"url\":\"https:\/\/www.concertoplus.eu\/de\/auswirkungen\/it-produkte\/\",\"name\":\"IT products - Concerto Plus\",\"isPartOf\":{\"@id\":\"https:\/\/www.concertoplus.eu\/sk\/#website\"},\"primaryImageOfPage\":{\"@id\":\"https:\/\/www.concertoplus.eu\/de\/auswirkungen\/it-produkte\/#primaryimage\"},\"image\":{\"@id\":\"https:\/\/www.concertoplus.eu\/de\/auswirkungen\/it-produkte\/#primaryimage\"},\"thumbnailUrl\":\"http:\/\/www.concertoplus.eu\/wp-content\/uploads\/2015\/09\/aa.jpg\",\"datePublished\":\"2015-09-29T11:00:39+00:00\",\"dateModified\":\"2015-09-29T11:03:03+00:00\",\"description\":\"With the increasing share of renewable energy sources and progressive implementation of decentralised energy production.\",\"breadcrumb\":{\"@id\":\"https:\/\/www.concertoplus.eu\/de\/auswirkungen\/it-produkte\/#breadcrumb\"},\"inLanguage\":\"cs\",\"potentialAction\":[{\"@type\":\"ReadAction\",\"target\":[\"https:\/\/www.concertoplus.eu\/de\/auswirkungen\/it-produkte\/\"]}]},{\"@type\":\"ImageObject\",\"inLanguage\":\"cs\",\"@id\":\"https:\/\/www.concertoplus.eu\/de\/auswirkungen\/it-produkte\/#primaryimage\",\"url\":\"http:\/\/www.concertoplus.eu\/wp-content\/uploads\/2015\/09\/aa.jpg\",\"contentUrl\":\"http:\/\/www.concertoplus.eu\/wp-content\/uploads\/2015\/09\/aa.jpg\"},{\"@type\":\"BreadcrumbList\",\"@id\":\"https:\/\/www.concertoplus.eu\/de\/auswirkungen\/it-produkte\/#breadcrumb\",\"itemListElement\":[{\"@type\":\"ListItem\",\"position\":1,\"name\":\"Home\",\"item\":\"https:\/\/www.concertoplus.eu\/\"},{\"@type\":\"ListItem\",\"position\":2,\"name\":\"Impacts\",\"item\":\"https:\/\/www.concertoplus.eu\/de\/auswirkungen\/\"},{\"@type\":\"ListItem\",\"position\":3,\"name\":\"IT products\"}]},{\"@type\":\"WebSite\",\"@id\":\"https:\/\/www.concertoplus.eu\/sk\/#website\",\"url\":\"https:\/\/www.concertoplus.eu\/sk\/\",\"name\":\"Concerto Plus\",\"description\":\"\",\"potentialAction\":[{\"@type\":\"SearchAction\",\"target\":{\"@type\":\"EntryPoint\",\"urlTemplate\":\"https:\/\/www.concertoplus.eu\/sk\/?s={search_term_string}\"},\"query-input\":{\"@type\":\"PropertyValueSpecification\",\"valueRequired\":true,\"valueName\":\"search_term_string\"}}],\"inLanguage\":\"cs\"}]}<\/script>\n<!-- \/ Yoast SEO plugin. -->","yoast_head_json":{"title":"IT products - Concerto Plus","description":"With the increasing share of renewable energy sources and progressive implementation of decentralised energy production.","robots":{"index":"index","follow":"follow","max-snippet":"max-snippet:-1","max-image-preview":"max-image-preview:large","max-video-preview":"max-video-preview:-1"},"canonical":"https:\/\/www.concertoplus.eu\/cs\/auswirkungen\/it-produkte\/","og_locale":"cs_CZ","og_type":"article","og_title":"IT products - Concerto Plus","og_description":"With the increasing share of renewable energy sources and progressive implementation of decentralised energy production.","og_url":"https:\/\/www.concertoplus.eu\/cs\/auswirkungen\/it-produkte\/","og_site_name":"Concerto Plus","article_modified_time":"2015-09-29T11:03:03+00:00","og_image":[{"width":944,"height":333,"url":"https:\/\/www.concertoplus.eu\/wp-content\/uploads\/2015\/09\/aa.jpg","type":"image\/jpeg"}],"twitter_card":"summary_large_image","twitter_misc":{"Odhadovan\u00e1 doba \u010dten\u00ed":"2 minuty"},"schema":{"@context":"https:\/\/schema.org","@graph":[{"@type":"WebPage","@id":"https:\/\/www.concertoplus.eu\/de\/auswirkungen\/it-produkte\/","url":"https:\/\/www.concertoplus.eu\/de\/auswirkungen\/it-produkte\/","name":"IT products - Concerto Plus","isPartOf":{"@id":"https:\/\/www.concertoplus.eu\/sk\/#website"},"primaryImageOfPage":{"@id":"https:\/\/www.concertoplus.eu\/de\/auswirkungen\/it-produkte\/#primaryimage"},"image":{"@id":"https:\/\/www.concertoplus.eu\/de\/auswirkungen\/it-produkte\/#primaryimage"},"thumbnailUrl":"http:\/\/www.concertoplus.eu\/wp-content\/uploads\/2015\/09\/aa.jpg","datePublished":"2015-09-29T11:00:39+00:00","dateModified":"2015-09-29T11:03:03+00:00","description":"With the increasing share of renewable energy sources and progressive implementation of decentralised energy production.","breadcrumb":{"@id":"https:\/\/www.concertoplus.eu\/de\/auswirkungen\/it-produkte\/#breadcrumb"},"inLanguage":"cs","potentialAction":[{"@type":"ReadAction","target":["https:\/\/www.concertoplus.eu\/de\/auswirkungen\/it-produkte\/"]}]},{"@type":"ImageObject","inLanguage":"cs","@id":"https:\/\/www.concertoplus.eu\/de\/auswirkungen\/it-produkte\/#primaryimage","url":"http:\/\/www.concertoplus.eu\/wp-content\/uploads\/2015\/09\/aa.jpg","contentUrl":"http:\/\/www.concertoplus.eu\/wp-content\/uploads\/2015\/09\/aa.jpg"},{"@type":"BreadcrumbList","@id":"https:\/\/www.concertoplus.eu\/de\/auswirkungen\/it-produkte\/#breadcrumb","itemListElement":[{"@type":"ListItem","position":1,"name":"Home","item":"https:\/\/www.concertoplus.eu\/"},{"@type":"ListItem","position":2,"name":"Impacts","item":"https:\/\/www.concertoplus.eu\/de\/auswirkungen\/"},{"@type":"ListItem","position":3,"name":"IT products"}]},{"@type":"WebSite","@id":"https:\/\/www.concertoplus.eu\/sk\/#website","url":"https:\/\/www.concertoplus.eu\/sk\/","name":"Concerto Plus","description":"","potentialAction":[{"@type":"SearchAction","target":{"@type":"EntryPoint","urlTemplate":"https:\/\/www.concertoplus.eu\/sk\/?s={search_term_string}"},"query-input":{"@type":"PropertyValueSpecification","valueRequired":true,"valueName":"search_term_string"}}],"inLanguage":"cs"}]}},"_links":{"self":[{"href":"https:\/\/www.concertoplus.eu\/cs\/wp-json\/wp\/v2\/pages\/245","targetHints":{"allow":["GET"]}}],"collection":[{"href":"https:\/\/www.concertoplus.eu\/cs\/wp-json\/wp\/v2\/pages"}],"about":[{"href":"https:\/\/www.concertoplus.eu\/cs\/wp-json\/wp\/v2\/types\/page"}],"author":[{"embeddable":true,"href":"https:\/\/www.concertoplus.eu\/cs\/wp-json\/wp\/v2\/users\/1"}],"replies":[{"embeddable":true,"href":"https:\/\/www.concertoplus.eu\/cs\/wp-json\/wp\/v2\/comments?post=245"}],"version-history":[{"count":0,"href":"https:\/\/www.concertoplus.eu\/cs\/wp-json\/wp\/v2\/pages\/245\/revisions"}],"up":[{"embeddable":true,"href":"https:\/\/www.concertoplus.eu\/cs\/wp-json\/wp\/v2\/pages\/219"}],"wp:attachment":[{"href":"https:\/\/www.concertoplus.eu\/cs\/wp-json\/wp\/v2\/media?parent=245"}],"curies":[{"name":"wp","href":"https:\/\/api.w.org\/{rel}","templated":true}]}}