{"id":406,"date":"2017-08-24T20:03:06","date_gmt":"2017-08-24T20:03:06","guid":{"rendered":"https:\/\/www.concertoplus.eu\/?page_id=406"},"modified":"2017-08-24T20:03:06","modified_gmt":"2017-08-24T20:03:06","slug":"might-brexit-impact-environment","status":"publish","type":"page","link":"https:\/\/www.concertoplus.eu\/cs\/muze-brexit-dopad-prostredi\/","title":{"rendered":"Jak by mohl brexit ovlivnit \u017eivotn\u00ed prost\u0159ed\u00ed?"},"content":{"rendered":"<p><strong>Ze v\u0161ech ot\u00e1zek spojen\u00fdch s brexitem se jeho dopadu na politiku \u017eivotn\u00edho prost\u0159ed\u00ed ve Velk\u00e9 Brit\u00e1nii a EU soust\u0159edilo mnohem m\u00e9n\u011b ne\u017e na potenci\u00e1ln\u00ed finan\u010dn\u00ed a ekonomick\u00fd \u00fapadek odlou\u010den\u00ed. Brexit m\u00e1 v\u0161ak rozhodn\u011b zna\u010dn\u00fd dopad na zp\u016fsob, jak\u00fdm Spojen\u00e9 kr\u00e1lovstv\u00ed p\u00ed\u0161e a prosazuje politiku t\u00fdkaj\u00edc\u00ed se environment\u00e1ln\u00edch probl\u00e9m\u016f, jako jsou obnoviteln\u00e9 zdroje energie, zne\u010di\u0161t\u011bn\u00ed a ovzdu\u0161\u00ed, a celkov\u00fdch n\u00e1rodn\u00edch standard\u016f bezpe\u010dnosti \u017eivotn\u00edho prost\u0159ed\u00ed.<\/strong><\/p>\n<p><a name=\"_2rpdfzdsm42c\"><\/a> Jako nadn\u00e1rodn\u00ed \u0159\u00edd\u00edc\u00ed org\u00e1n vytvo\u0159ila Evropsk\u00e1 unie jeden z nejv\u011bt\u0161\u00edch pr\u00e1vn\u00edch korpus\u016f pr\u00e1vn\u00edch p\u0159edpis\u016f na ochranu \u017eivotn\u00edho prost\u0159ed\u00ed a c\u00edl\u016f v oblasti obnoviteln\u00e9 energie, d\u00edky \u010demu\u017e byla Evropa v celosv\u011btov\u00e9m m\u011b\u0159\u00edtku v environment\u00e1ln\u00ed politice. Vzhledem k tomu, \u017ee se Spojen\u00e9 kr\u00e1lovstv\u00ed chyst\u00e1 zah\u00e1jit brexit a zah\u00e1jit form\u00e1ln\u00ed odpojen\u00ed od EU, st\u00e1le nen\u00ed jasn\u00e9, jak v\u00fdznamn\u011b rozvod ovlivn\u00ed \u017eivotn\u00ed prost\u0159ed\u00ed ve Velk\u00e9 Brit\u00e1nii i v \u0161ir\u0161\u00ed Evrop\u011b.<\/p>\n<p style=\"text-align: center;\"><img loading=\"lazy\" decoding=\"async\" class=\"aligncenter size-full wp-image-404\" src=\"https:\/\/www.concertoplus.eu\/wp-content\/uploads\/2017\/08\/brex.jpg\" alt=\"\" width=\"850\" height=\"478\" srcset=\"https:\/\/www.concertoplus.eu\/wp-content\/uploads\/2017\/08\/brex.jpg 850w, https:\/\/www.concertoplus.eu\/wp-content\/uploads\/2017\/08\/brex-300x169.jpg 300w, https:\/\/www.concertoplus.eu\/wp-content\/uploads\/2017\/08\/brex-768x432.jpg 768w\" sizes=\"auto, (max-width: 850px) 100vw, 850px\" \/><\/p>\n<h2 class=\"western\">V\u00fdsledek brexitu a regulace \u017eivotn\u00edho prost\u0159ed\u00ed<\/h2>\n<p>Brexit byl nakonec p\u0159ijat, proto\u017ee Britov\u00e9 se sna\u017eili udr\u017eet v\u011bt\u0161\u00ed n\u00e1rodn\u00ed kontrolu nad ekonomickou a imigra\u010dn\u00ed politikou. P\u0159i odchodu z EU v\u0161ak nyn\u00ed Spojen\u00e9 kr\u00e1lovstv\u00ed tak\u00e9 m\u016f\u017ee svobodn\u011bji prov\u00e1d\u011bt vlastn\u00ed politiku v oblasti \u017eivotn\u00edho prost\u0159ed\u00ed, na kterou n\u011bkte\u0159\u00ed kritici varuj\u00ed, \u017ee by pravd\u011bpodobn\u011b mohla b\u00fdt m\u00e9n\u011b p\u0159\u00edsn\u00e1 ne\u017e sou\u010dasn\u00e9 normy EU.<\/p>\n<p>Je v\u0161ak mo\u017en\u00e9, \u017ee si Spojen\u00e9 kr\u00e1lovstv\u00ed zachov\u00e1 sv\u00e9 \u010dlenstv\u00ed v Evropsk\u00e9m hospod\u00e1\u0159sk\u00e9m prostoru, co\u017e by \u00fa\u010dinn\u011b zajistilo, \u017ee Spojen\u00e9 kr\u00e1lovstv\u00ed mus\u00ed dodr\u017eovat konkr\u00e9tn\u00ed p\u0159edpisy pro divokou, oce\u00e1nskou a potravin\u00e1\u0159skou produkci, pokud by se rozhodlo vyv\u00e1\u017eet sv\u00e9 zbo\u017e\u00ed do EU.<\/p>\n<p>V\u011bt\u0161ina student\u016f <a href=\"http:\/\/graduate.norwich.edu\/international-relations\/\"><span style=\"color: #1155cc;\"><u>usilovat o mistra v mezin\u00e1rodn\u00edch vztaz\u00edch<\/u><\/span><\/a> jsou obezn\u00e1meni s mezin\u00e1rodn\u00edmi smlouvami, ale Brexit p\u0159edstavuje celou \u0159adu komplexn\u00edch ot\u00e1zek, kter\u00e9 pravd\u011bpodobn\u011b budou v budoucnu slou\u017eit jako p\u0159\u00edpadov\u00e1 studie v magistersk\u00fdch programech mezin\u00e1rodn\u00edch vztah\u016f.<\/p>\n<p><img loading=\"lazy\" decoding=\"async\" class=\"aligncenter size-full wp-image-403\" src=\"https:\/\/www.concertoplus.eu\/wp-content\/uploads\/2017\/08\/diff.jpg\" alt=\"\" width=\"850\" height=\"479\" srcset=\"https:\/\/www.concertoplus.eu\/wp-content\/uploads\/2017\/08\/diff.jpg 850w, https:\/\/www.concertoplus.eu\/wp-content\/uploads\/2017\/08\/diff-300x169.jpg 300w, https:\/\/www.concertoplus.eu\/wp-content\/uploads\/2017\/08\/diff-768x433.jpg 768w\" sizes=\"auto, (max-width: 850px) 100vw, 850px\" \/><\/p>\n<h2 class=\"western\">Budouc\u00ed obavy ohledn\u011b Pa\u0159\u00ed\u017esk\u00e9 dohody o klimatu<\/h2>\n<p>Nejv\u011bt\u0161\u00ed probl\u00e9m t\u00fdkaj\u00edc\u00ed se <a href=\"https:\/\/www.edie.net\/news\/11\/Brexit-Article-50-impact-on-UK-environment-and-sustainable-business\/\"><span style=\"color: #1155cc;\"><u>\u017eivotn\u00ed prost\u0159ed\u00ed<\/u><\/span><\/a> politika a brexit spo\u010d\u00edv\u00e1 v tom, zda by se populistick\u00fd n\u00e1r\u016fst podpory odchodu z EU mohl prom\u011bnit v kampa\u0148 pro Spojen\u00e9 kr\u00e1lovstv\u00ed za odstoupen\u00ed od v\u00fdznamn\u00e9 Pa\u0159\u00ed\u017esk\u00e9 dohody o klimatu, co\u017e je dohoda t\u00e9m\u011b\u0159 v\u0161eobecn\u011b p\u0159ij\u00edman\u00e1 a ratifikovan\u00e1 po cel\u00e9m sv\u011bt\u011b.<\/p>\n<p>Zat\u00edmco EU vytvo\u0159ila region\u00e1ln\u011b specifick\u00e9 politiky v oblasti \u017eivotn\u00edho prost\u0159ed\u00ed a energetiky, jejich\u017e c\u00edlem je u\u010dinit Evropu udr\u017eiteln\u011bj\u0161\u00ed a konkurenceschopn\u011bj\u0161\u00ed na budouc\u00edm trhu s energi\u00ed, Pa\u0159\u00ed\u017esk\u00e9 klimatick\u00e9 dohody nab\u00edzej\u00ed z\u00e1sadn\u00ed a p\u0159esto z\u00e1kladn\u00ed c\u00edle sni\u017eov\u00e1n\u00ed <a href=\"http:\/\/www.climatechangenews.com\/2017\/02\/15\/uk-to-use-carbon-cuts-as-brexit-bargaining-chip-envoy\/\"><span style=\"color: #1155cc;\"><u>uhl\u00edk<\/u><\/span><\/a> emise a zne\u010di\u0161t\u011bn\u00ed a z\u00e1rove\u0148 zvy\u0161uje produkci energie z obnoviteln\u00fdch zdroj\u016f. Potenci\u00e1ln\u00ed vystoupen\u00ed z Pa\u0159\u00ed\u017esk\u00e9 dohody o klimatu zalo\u017een\u00e9 na populistick\u00e9 vln\u011b brexitu by bylo katastrofou pro britskou politiku v oblasti \u017eivotn\u00edho prost\u0159ed\u00ed a skute\u010dnou ranou pro glob\u00e1ln\u00ed ekologick\u00e9 hnut\u00ed.<\/p>\n<h2 class=\"western\">Z\u00e1v\u011br<\/h2>\n<p>A\u010dkoli brexit nemus\u00ed nutn\u011b znamenat ekologickou katastrofu, je jasn\u00e9, \u017ee <a href=\"https:\/\/www.twobirds.com\/en\/news\/articles\/2016\/uk\/brexit-environmental-law-implications\"><span style=\"color: #1155cc;\"><u>Brexit<\/u><\/span><\/a> odvede Spojen\u00e9 kr\u00e1lovstv\u00ed z kurzu sm\u011brem k ekologicky udr\u017eiteln\u011bj\u0161\u00ed budoucnosti. Spojen\u00e9 kr\u00e1lovstv\u00ed nyn\u00ed m\u016f\u017ee m\u00edt svobodu prov\u00e1d\u011bt konkr\u00e9tn\u011bj\u0161\u00ed a ambici\u00f3zn\u011bj\u0161\u00ed zelen\u00e9 politiky, ale s tlaky obchodn\u00edho a v\u00fdrobn\u00edho pr\u016fmyslu, kter\u00e9 jsou v mysl\u00edch politik\u016f prvo\u0159ad\u00e9, je nepravd\u011bpodobn\u00e9, \u017ee Spojen\u00e9 kr\u00e1lovstv\u00ed bude m\u00edt schopnost nebo popul\u00e1rn\u00ed touhu prov\u00e1d\u011bt ochranu \u017eivotn\u00edho prost\u0159ed\u00ed. a politiky v oblasti obnoviteln\u00e9 energie stejn\u011b p\u0159\u00edsn\u00e9 jako politiky EU.<\/p>","protected":false},"excerpt":{"rendered":"<p>Of all the issues surrounding Brexit, its impact on environmental policy within the UK and the EU has received much less focus than the potential financial and economic fall-out of the separation. However, Brexit is certainly slated to have a considerable impact on the way in which the UK writes and enforces policy concerning environmental [&hellip;]<\/p>","protected":false},"author":1,"featured_media":0,"parent":0,"menu_order":0,"comment_status":"closed","ping_status":"closed","template":"","meta":{"footnotes":""},"class_list":["post-406","page","type-page","status-publish","hentry"],"yoast_head":"<!-- This site is optimized with the Yoast SEO plugin v25.3.1 - https:\/\/yoast.com\/wordpress\/plugins\/seo\/ -->\n<title>How Might Brexit Impact the Environment? - Concerto Plus<\/title>\n<meta name=\"robots\" content=\"index, follow, max-snippet:-1, max-image-preview:large, max-video-preview:-1\" \/>\n<link rel=\"canonical\" href=\"https:\/\/www.concertoplus.eu\/cs\/moze-brexit-dopad-prostredie\/\" \/>\n<meta property=\"og:locale\" content=\"cs_CZ\" \/>\n<meta property=\"og:type\" content=\"article\" \/>\n<meta property=\"og:title\" content=\"How Might Brexit Impact the Environment? - Concerto Plus\" \/>\n<meta property=\"og:description\" content=\"Of all the issues surrounding Brexit, its impact on environmental policy within the UK and the EU has received much less focus than the potential financial and economic fall-out of the separation. However, Brexit is certainly slated to have a considerable impact on the way in which the UK writes and enforces policy concerning environmental [&hellip;]\" \/>\n<meta property=\"og:url\" content=\"https:\/\/www.concertoplus.eu\/cs\/moze-brexit-dopad-prostredie\/\" \/>\n<meta property=\"og:site_name\" content=\"Concerto Plus\" \/>\n<meta property=\"og:image\" content=\"https:\/\/www.concertoplus.eu\/wp-content\/uploads\/2017\/08\/brex.jpg\" \/>\n\t<meta property=\"og:image:width\" content=\"850\" \/>\n\t<meta property=\"og:image:height\" content=\"478\" \/>\n\t<meta property=\"og:image:type\" content=\"image\/jpeg\" \/>\n<meta name=\"twitter:card\" content=\"summary_large_image\" \/>\n<meta name=\"twitter:label1\" content=\"Odhadovan\u00e1 doba \u010dten\u00ed\" \/>\n\t<meta name=\"twitter:data1\" content=\"2 minuty\" \/>\n<script type=\"application\/ld+json\" class=\"yoast-schema-graph\">{\"@context\":\"https:\/\/schema.org\",\"@graph\":[{\"@type\":\"WebPage\",\"@id\":\"https:\/\/www.concertoplus.eu\/sk\/moze-brexit-dopad-prostredie\/\",\"url\":\"https:\/\/www.concertoplus.eu\/sk\/moze-brexit-dopad-prostredie\/\",\"name\":\"How Might Brexit Impact the Environment? - Concerto Plus\",\"isPartOf\":{\"@id\":\"https:\/\/www.concertoplus.eu\/sk\/#website\"},\"primaryImageOfPage\":{\"@id\":\"https:\/\/www.concertoplus.eu\/sk\/moze-brexit-dopad-prostredie\/#primaryimage\"},\"image\":{\"@id\":\"https:\/\/www.concertoplus.eu\/sk\/moze-brexit-dopad-prostredie\/#primaryimage\"},\"thumbnailUrl\":\"https:\/\/www.concertoplus.eu\/wp-content\/uploads\/2017\/08\/brex.jpg\",\"datePublished\":\"2017-08-24T20:03:06+00:00\",\"breadcrumb\":{\"@id\":\"https:\/\/www.concertoplus.eu\/sk\/moze-brexit-dopad-prostredie\/#breadcrumb\"},\"inLanguage\":\"cs\",\"potentialAction\":[{\"@type\":\"ReadAction\",\"target\":[\"https:\/\/www.concertoplus.eu\/sk\/moze-brexit-dopad-prostredie\/\"]}]},{\"@type\":\"ImageObject\",\"inLanguage\":\"cs\",\"@id\":\"https:\/\/www.concertoplus.eu\/sk\/moze-brexit-dopad-prostredie\/#primaryimage\",\"url\":\"https:\/\/www.concertoplus.eu\/wp-content\/uploads\/2017\/08\/brex.jpg\",\"contentUrl\":\"https:\/\/www.concertoplus.eu\/wp-content\/uploads\/2017\/08\/brex.jpg\"},{\"@type\":\"BreadcrumbList\",\"@id\":\"https:\/\/www.concertoplus.eu\/sk\/moze-brexit-dopad-prostredie\/#breadcrumb\",\"itemListElement\":[{\"@type\":\"ListItem\",\"position\":1,\"name\":\"Home\",\"item\":\"https:\/\/www.concertoplus.eu\/\"},{\"@type\":\"ListItem\",\"position\":2,\"name\":\"How Might Brexit Impact the Environment?\"}]},{\"@type\":\"WebSite\",\"@id\":\"https:\/\/www.concertoplus.eu\/sk\/#website\",\"url\":\"https:\/\/www.concertoplus.eu\/sk\/\",\"name\":\"Concerto Plus\",\"description\":\"\",\"potentialAction\":[{\"@type\":\"SearchAction\",\"target\":{\"@type\":\"EntryPoint\",\"urlTemplate\":\"https:\/\/www.concertoplus.eu\/sk\/?s={search_term_string}\"},\"query-input\":{\"@type\":\"PropertyValueSpecification\",\"valueRequired\":true,\"valueName\":\"search_term_string\"}}],\"inLanguage\":\"cs\"}]}<\/script>\n<!-- \/ Yoast SEO plugin. -->","yoast_head_json":{"title":"How Might Brexit Impact the Environment? - Concerto Plus","robots":{"index":"index","follow":"follow","max-snippet":"max-snippet:-1","max-image-preview":"max-image-preview:large","max-video-preview":"max-video-preview:-1"},"canonical":"https:\/\/www.concertoplus.eu\/cs\/moze-brexit-dopad-prostredie\/","og_locale":"cs_CZ","og_type":"article","og_title":"How Might Brexit Impact the Environment? - Concerto Plus","og_description":"Of all the issues surrounding Brexit, its impact on environmental policy within the UK and the EU has received much less focus than the potential financial and economic fall-out of the separation. However, Brexit is certainly slated to have a considerable impact on the way in which the UK writes and enforces policy concerning environmental [&hellip;]","og_url":"https:\/\/www.concertoplus.eu\/cs\/moze-brexit-dopad-prostredie\/","og_site_name":"Concerto Plus","og_image":[{"width":850,"height":478,"url":"https:\/\/www.concertoplus.eu\/wp-content\/uploads\/2017\/08\/brex.jpg","type":"image\/jpeg"}],"twitter_card":"summary_large_image","twitter_misc":{"Odhadovan\u00e1 doba \u010dten\u00ed":"2 minuty"},"schema":{"@context":"https:\/\/schema.org","@graph":[{"@type":"WebPage","@id":"https:\/\/www.concertoplus.eu\/sk\/moze-brexit-dopad-prostredie\/","url":"https:\/\/www.concertoplus.eu\/sk\/moze-brexit-dopad-prostredie\/","name":"How Might Brexit Impact the Environment? - Concerto Plus","isPartOf":{"@id":"https:\/\/www.concertoplus.eu\/sk\/#website"},"primaryImageOfPage":{"@id":"https:\/\/www.concertoplus.eu\/sk\/moze-brexit-dopad-prostredie\/#primaryimage"},"image":{"@id":"https:\/\/www.concertoplus.eu\/sk\/moze-brexit-dopad-prostredie\/#primaryimage"},"thumbnailUrl":"https:\/\/www.concertoplus.eu\/wp-content\/uploads\/2017\/08\/brex.jpg","datePublished":"2017-08-24T20:03:06+00:00","breadcrumb":{"@id":"https:\/\/www.concertoplus.eu\/sk\/moze-brexit-dopad-prostredie\/#breadcrumb"},"inLanguage":"cs","potentialAction":[{"@type":"ReadAction","target":["https:\/\/www.concertoplus.eu\/sk\/moze-brexit-dopad-prostredie\/"]}]},{"@type":"ImageObject","inLanguage":"cs","@id":"https:\/\/www.concertoplus.eu\/sk\/moze-brexit-dopad-prostredie\/#primaryimage","url":"https:\/\/www.concertoplus.eu\/wp-content\/uploads\/2017\/08\/brex.jpg","contentUrl":"https:\/\/www.concertoplus.eu\/wp-content\/uploads\/2017\/08\/brex.jpg"},{"@type":"BreadcrumbList","@id":"https:\/\/www.concertoplus.eu\/sk\/moze-brexit-dopad-prostredie\/#breadcrumb","itemListElement":[{"@type":"ListItem","position":1,"name":"Home","item":"https:\/\/www.concertoplus.eu\/"},{"@type":"ListItem","position":2,"name":"How Might Brexit Impact the Environment?"}]},{"@type":"WebSite","@id":"https:\/\/www.concertoplus.eu\/sk\/#website","url":"https:\/\/www.concertoplus.eu\/sk\/","name":"Concerto Plus","description":"","potentialAction":[{"@type":"SearchAction","target":{"@type":"EntryPoint","urlTemplate":"https:\/\/www.concertoplus.eu\/sk\/?s={search_term_string}"},"query-input":{"@type":"PropertyValueSpecification","valueRequired":true,"valueName":"search_term_string"}}],"inLanguage":"cs"}]}},"_links":{"self":[{"href":"https:\/\/www.concertoplus.eu\/cs\/wp-json\/wp\/v2\/pages\/406","targetHints":{"allow":["GET"]}}],"collection":[{"href":"https:\/\/www.concertoplus.eu\/cs\/wp-json\/wp\/v2\/pages"}],"about":[{"href":"https:\/\/www.concertoplus.eu\/cs\/wp-json\/wp\/v2\/types\/page"}],"author":[{"embeddable":true,"href":"https:\/\/www.concertoplus.eu\/cs\/wp-json\/wp\/v2\/users\/1"}],"replies":[{"embeddable":true,"href":"https:\/\/www.concertoplus.eu\/cs\/wp-json\/wp\/v2\/comments?post=406"}],"version-history":[{"count":0,"href":"https:\/\/www.concertoplus.eu\/cs\/wp-json\/wp\/v2\/pages\/406\/revisions"}],"wp:attachment":[{"href":"https:\/\/www.concertoplus.eu\/cs\/wp-json\/wp\/v2\/media?parent=406"}],"curies":[{"name":"wp","href":"https:\/\/api.w.org\/{rel}","templated":true}]}}