{"id":408,"date":"2017-08-25T14:42:00","date_gmt":"2017-08-25T14:42:00","guid":{"rendered":"https:\/\/www.concertoplus.eu\/?page_id=408"},"modified":"2017-08-25T14:42:00","modified_gmt":"2017-08-25T14:42:00","slug":"top-5-green-careers-consider-2017","status":"publish","type":"page","link":"https:\/\/www.concertoplus.eu\/cs\/top-5-green-kariery-zvazte-2017\/","title":{"rendered":"Top 5 \u201ezelen\u00fdch\u201c kari\u00e9r, kter\u00e9 je t\u0159eba zv\u00e1\u017eit v roce 2017"},"content":{"rendered":"<p class=\"western\"><strong><span lang=\"en-US\">Existuje mnoho zp\u016fsob\u016f, jak m\u016f\u017eete v \u017eivot\u011b d\u011blat \u201ezelen\u00e1\u201c rozhodnut\u00ed, kter\u00e1 pom\u00e1haj\u00ed \u017eivotn\u00edmu prost\u0159ed\u00ed a sni\u017euj\u00ed stopu, kterou po sob\u011b zanech\u00e1te. Co kdy\u017e si tedy m\u016f\u017eete vybrat ze \u201eZelen\u00e9ho\u201c v\u00fdb\u011bru sv\u00e9 pr\u00e1ce, co kdy\u017e byste si mohli vz\u00edt tu v\u00e1\u0161e\u0148, kterou m\u00e1te pro ot\u00e1zky \u017eivotn\u00edho prost\u0159ed\u00ed, a vyu\u017e\u00edt ji k ob\u017eiv\u011b?<\/span><\/strong><\/p>\n<p style=\"text-align: center;\"><img loading=\"lazy\" decoding=\"async\" class=\"aligncenter size-full wp-image-410\" src=\"https:\/\/www.concertoplus.eu\/wp-content\/uploads\/2017\/08\/wind.jpg\" alt=\"\" width=\"850\" height=\"478\" srcset=\"https:\/\/www.concertoplus.eu\/wp-content\/uploads\/2017\/08\/wind.jpg 850w, https:\/\/www.concertoplus.eu\/wp-content\/uploads\/2017\/08\/wind-300x169.jpg 300w, https:\/\/www.concertoplus.eu\/wp-content\/uploads\/2017\/08\/wind-768x432.jpg 768w\" sizes=\"auto, (max-width: 850px) 100vw, 850px\" \/><\/p>\n<p class=\"western\"><span lang=\"en-US\">To je p\u0159esn\u011b to, co zde prozkoum\u00e1me, kdy\u017e se pod\u00edv\u00e1me na p\u011bt nejlep\u0161\u00edch \u201ezelen\u00fdch\u201c kari\u00e9r, kter\u00e9 je t\u0159eba zv\u00e1\u017eit v roce 2017. Tyto kari\u00e9ry v\u00e1m nejen umo\u017en\u00ed v\u011bnovat sv\u016fj \u017eivot sv\u00e9 v\u00e1\u0161ni, ale tak\u00e9 v\u00e1s vyzvou ve v\u0161ech druz\u00edch zaj\u00edmav\u00e9 zp\u016fsoby.<\/span><\/p>\n<h3 class=\"western\"><span lang=\"en-US\">Urbanista<\/span><\/h3>\n<p class=\"western\"><span lang=\"en-US\">Role urbanisty je opravdu docela zaj\u00edmav\u00e1. Jako urbanista bude na v\u00e1s, abyste se rozhodli, jak bude p\u016fda m\u011bsta vyu\u017eita. Budete muset vytvo\u0159it pl\u00e1n nebo program, kam budou ve m\u011bst\u011b chodit ve\u0159ejn\u00e1 za\u0159\u00edzen\u00ed, nechat si je schv\u00e1lit a mo\u017en\u00e1 budete muset ob\u010das prov\u00e9st \u00fapravy nebo pl\u00e1n \u00fapln\u011b zru\u0161it a za\u010d\u00edt znovu.<\/span><\/p>\n<p class=\"western\"><span lang=\"en-US\">Budete tak\u00e9 m\u00edt za \u00fakol <a href=\"http:\/\/www.environmentalscience.org\/career\/urban-planner\">ujist\u011bte se, \u017ee je va\u0161e m\u011bsto atraktivn\u00ed pro vlastn\u00edky firem<\/a> tak\u017ee budou cht\u00edt zalo\u017eit obchod. Budete pot\u0159ebovat form\u00e1ln\u00ed vzd\u011bl\u00e1vac\u00ed \u0161kolen\u00ed, kter\u00e9 lze prov\u00e9st online prost\u0159ednictv\u00edm \u0161koly, jako je <a href=\"http:\/\/online.rutgers.edu\/master-public-admin\/\">Rutgers online<\/a>. Online magistersk\u00fd program ve\u0159ejn\u00e9 spr\u00e1vy v\u00e1m poskytne \u0161kolen\u00ed a znalosti, kter\u00e9 pot\u0159ebujete k \u00fasp\u011bchu. Online titul MPA v\u00e1m tak\u00e9 d\u00e1v\u00e1 flexibilitu u\u010dit se z domova.<\/span><\/p>\n<p><img loading=\"lazy\" decoding=\"async\" class=\"aligncenter size-full wp-image-409\" src=\"https:\/\/www.concertoplus.eu\/wp-content\/uploads\/2017\/08\/001267.jpg\" alt=\"zelen\u00fd urbanista\" width=\"850\" height=\"352\" srcset=\"https:\/\/www.concertoplus.eu\/wp-content\/uploads\/2017\/08\/001267.jpg 850w, https:\/\/www.concertoplus.eu\/wp-content\/uploads\/2017\/08\/001267-300x124.jpg 300w, https:\/\/www.concertoplus.eu\/wp-content\/uploads\/2017\/08\/001267-768x318.jpg 768w\" sizes=\"auto, (max-width: 850px) 100vw, 850px\" \/><\/p>\n<h3 class=\"western\"><span lang=\"en-US\">P\u011bstitel\u00e9 m\u011bst - v\u00fdroba potravin<\/span><\/h3>\n<p class=\"western\"><span lang=\"en-US\">Jak si lid\u00e9 st\u00e1le v\u00edce uv\u011bdomuj\u00ed zp\u016fsoby, jak mohou pomoci \u017eivotn\u00edmu prost\u0159ed\u00ed, vy\u017eaduj\u00ed tak\u00e9 to sam\u00e9 od podnik\u016f a slu\u017eeb, kter\u00e9 pou\u017e\u00edvaj\u00ed. P\u011bstitel\u00e9 m\u011bst se v \u201ezelen\u00e9m\u201c poli objevuj\u00ed jako rozv\u00edjej\u00edc\u00ed se odv\u011btv\u00ed. Tito p\u011bstitel\u00e9 pracuj\u00ed na p\u011bstov\u00e1n\u00ed a produkci potravin m\u00edstn\u00edmi a ekologick\u00fdmi zp\u016fsoby. To znamen\u00e1, \u017ee obecn\u011b pou\u017e\u00edvaj\u00ed m\u00e9n\u011b fosiln\u00edch paliv, pesticid\u016f a zdroj\u016f.<\/span><\/p>\n<h3 class=\"western\"><span lang=\"en-US\">Pracovn\u00edci v\u011btrn\u00e9 energie<\/span><\/h3>\n<p class=\"western\"><span lang=\"en-US\">Kdy\u017e hled\u00e1me \u010dist\u0161\u00ed zdroje energie, stala se v\u011btrn\u00e1 energie mezi nejd\u016fle\u017eit\u011bj\u0161\u00edmi a objevila se role pracovn\u00edk\u016f v oblasti v\u011btrn\u00e9 energie. O\u010dek\u00e1v\u00e1 se, \u017ee z\u00e1vislost na v\u011btrn\u00e9 energii v p\u0159\u00ed\u0161t\u00edch letech poroste, p\u0159i\u010dem\u017e n\u011bkte\u0159\u00ed odhaduj\u00ed, \u017ee do roku 2050 bude v\u011btrn\u00e1 energie p\u0159edstavovat jednu t\u0159etinu energie pou\u017e\u00edvan\u00e9 ve sv\u011bt\u011b.<\/span><\/p>\n<h3 class=\"western\"><span lang=\"en-US\">In\u017een\u00fdr automobilov\u00e9ho designu - \u010cist\u00e1 auta<\/span><\/h3>\n<p class=\"western\"><span lang=\"en-US\">Automobily jsou jedn\u00edm z nejv\u011bt\u0161\u00edch zne\u010di\u0161\u0165ovatel\u016f na Zemi, a proto se \u010dist\u00e1 auta stala tak \u017e\u00e1danou polo\u017ekou. Pro\u010d nepracovat jako in\u017een\u00fdr, kter\u00fd pom\u00e1h\u00e1 navrhovat a vyr\u00e1b\u011bt \u010dist\u0161\u00ed a pokro\u010dilej\u0161\u00ed modely, z nich\u017e mohou lid\u00e9 t\u011b\u017eit?<\/span><\/p>\n<h3 class=\"western\"><span lang=\"en-US\">Technik kvality vody<\/span><\/h3>\n<p class=\"western\"><span lang=\"en-US\">Kvalita vody je ji\u017e dlouho d\u016fle\u017eit\u00fdm faktorem nejen ve Spojen\u00fdch st\u00e1tech, ale i ve sv\u011bt\u011b obecn\u011b. <a href=\"http:\/\/environment.nationalgeographic.com\/environment\/sustainable-earth\/11-of-the-fastest-growing-green-jobs\/#\/rio-20-green-jobs-water-reservoir_55053_600x450.jpg\">Technici kvality vody jsou lid\u00e9<\/a> kte\u0159\u00ed hledaj\u00ed zp\u016fsoby, jak vy\u0159e\u0161it r\u016fzn\u00e9 probl\u00e9my s kontrolou kvality vody, kter\u00e9 lidem poskytnou bezpe\u010dn\u011bj\u0161\u00ed vodu k pit\u00ed. Tato pr\u00e1ce nen\u00ed jen \u201e\u010dist\u00e1\u201c, je z\u00e1sadn\u00ed pro zdrav\u00ed lid\u00ed na planet\u011b. <\/span><\/p>\n<p class=\"western\"><span lang=\"en-US\">Seznam \u201ezelen\u00fdch\u201c kari\u00e9r pokra\u010duje d\u00e1l a d\u00e1l d\u00edky zvy\u0161ov\u00e1n\u00ed pozornosti, kter\u00e9 se \u017eivotn\u00edmu prost\u0159ed\u00ed dostalo za posledn\u00edch zhruba deset let. Tyto typy kari\u00e9ry tak\u00e9 nab\u00edzej\u00ed dostatek r\u016fstu, d\u00edky \u010demu\u017e stoj\u00ed za to je vy\u0161et\u0159it.<\/span><\/p>","protected":false},"excerpt":{"rendered":"<p>There are all kinds of way you can make \u201cGreen\u201d choices in life that help the environment and lessen the footprint you leave behind. So, what if you could make \u201cGreen\u201d choices your job, what if you could somehow take that passion you have for environmental issues and use it to make a living? Well, [&hellip;]<\/p>","protected":false},"author":1,"featured_media":0,"parent":0,"menu_order":0,"comment_status":"closed","ping_status":"closed","template":"","meta":{"footnotes":""},"class_list":["post-408","page","type-page","status-publish","hentry"],"yoast_head":"<!-- This site is optimized with the Yoast SEO plugin v25.3.1 - https:\/\/yoast.com\/wordpress\/plugins\/seo\/ -->\n<title>The Top 5 &quot;Green&quot; Careers to Consider in 2017 - Concerto Plus<\/title>\n<meta name=\"description\" content=\"There are all kinds of way you can make \u201cGreen\u201d choices in life that help the environment and lessen the footprint you leave behind.\" \/>\n<meta name=\"robots\" content=\"index, follow, max-snippet:-1, max-image-preview:large, max-video-preview:-1\" \/>\n<link rel=\"canonical\" href=\"https:\/\/www.concertoplus.eu\/cs\/top-5-green-kariery-zvazte-2017\/\" \/>\n<meta property=\"og:locale\" content=\"cs_CZ\" \/>\n<meta property=\"og:type\" content=\"article\" \/>\n<meta property=\"og:title\" content=\"The Top 5 &quot;Green&quot; Careers to Consider in 2017 - Concerto Plus\" \/>\n<meta property=\"og:description\" content=\"There are all kinds of way you can make \u201cGreen\u201d choices in life that help the environment and lessen the footprint you leave behind.\" \/>\n<meta property=\"og:url\" content=\"https:\/\/www.concertoplus.eu\/cs\/top-5-green-kariery-zvazte-2017\/\" \/>\n<meta property=\"og:site_name\" content=\"Concerto Plus\" \/>\n<meta property=\"og:image\" content=\"https:\/\/www.concertoplus.eu\/wp-content\/uploads\/2017\/08\/wind.jpg\" \/>\n\t<meta property=\"og:image:width\" content=\"850\" \/>\n\t<meta property=\"og:image:height\" content=\"478\" \/>\n\t<meta property=\"og:image:type\" content=\"image\/jpeg\" \/>\n<meta name=\"twitter:card\" content=\"summary_large_image\" \/>\n<meta name=\"twitter:label1\" content=\"Odhadovan\u00e1 doba \u010dten\u00ed\" \/>\n\t<meta name=\"twitter:data1\" content=\"3 minuty\" \/>\n<script type=\"application\/ld+json\" class=\"yoast-schema-graph\">{\"@context\":\"https:\/\/schema.org\",\"@graph\":[{\"@type\":\"WebPage\",\"@id\":\"https:\/\/www.concertoplus.eu\/cs\/top-5-green-kariery-zvazte-2017\/\",\"url\":\"https:\/\/www.concertoplus.eu\/cs\/top-5-green-kariery-zvazte-2017\/\",\"name\":\"The Top 5 \\\"Green\\\" Careers to Consider in 2017 - Concerto Plus\",\"isPartOf\":{\"@id\":\"https:\/\/www.concertoplus.eu\/sk\/#website\"},\"primaryImageOfPage\":{\"@id\":\"https:\/\/www.concertoplus.eu\/cs\/top-5-green-kariery-zvazte-2017\/#primaryimage\"},\"image\":{\"@id\":\"https:\/\/www.concertoplus.eu\/cs\/top-5-green-kariery-zvazte-2017\/#primaryimage\"},\"thumbnailUrl\":\"https:\/\/www.concertoplus.eu\/wp-content\/uploads\/2017\/08\/wind.jpg\",\"datePublished\":\"2017-08-25T14:42:00+00:00\",\"description\":\"There are all kinds of way you can make \u201cGreen\u201d choices in life that help the environment and lessen the footprint you leave behind.\",\"breadcrumb\":{\"@id\":\"https:\/\/www.concertoplus.eu\/cs\/top-5-green-kariery-zvazte-2017\/#breadcrumb\"},\"inLanguage\":\"cs\",\"potentialAction\":[{\"@type\":\"ReadAction\",\"target\":[\"https:\/\/www.concertoplus.eu\/cs\/top-5-green-kariery-zvazte-2017\/\"]}]},{\"@type\":\"ImageObject\",\"inLanguage\":\"cs\",\"@id\":\"https:\/\/www.concertoplus.eu\/cs\/top-5-green-kariery-zvazte-2017\/#primaryimage\",\"url\":\"https:\/\/www.concertoplus.eu\/wp-content\/uploads\/2017\/08\/wind.jpg\",\"contentUrl\":\"https:\/\/www.concertoplus.eu\/wp-content\/uploads\/2017\/08\/wind.jpg\"},{\"@type\":\"BreadcrumbList\",\"@id\":\"https:\/\/www.concertoplus.eu\/cs\/top-5-green-kariery-zvazte-2017\/#breadcrumb\",\"itemListElement\":[{\"@type\":\"ListItem\",\"position\":1,\"name\":\"Home\",\"item\":\"https:\/\/www.concertoplus.eu\/\"},{\"@type\":\"ListItem\",\"position\":2,\"name\":\"The Top 5 &#8220;Green&#8221; Careers to Consider in 2017\"}]},{\"@type\":\"WebSite\",\"@id\":\"https:\/\/www.concertoplus.eu\/sk\/#website\",\"url\":\"https:\/\/www.concertoplus.eu\/sk\/\",\"name\":\"Concerto Plus\",\"description\":\"\",\"potentialAction\":[{\"@type\":\"SearchAction\",\"target\":{\"@type\":\"EntryPoint\",\"urlTemplate\":\"https:\/\/www.concertoplus.eu\/sk\/?s={search_term_string}\"},\"query-input\":{\"@type\":\"PropertyValueSpecification\",\"valueRequired\":true,\"valueName\":\"search_term_string\"}}],\"inLanguage\":\"cs\"}]}<\/script>\n<!-- \/ Yoast SEO plugin. -->","yoast_head_json":{"title":"The Top 5 \"Green\" Careers to Consider in 2017 - Concerto Plus","description":"There are all kinds of way you can make \u201cGreen\u201d choices in life that help the environment and lessen the footprint you leave behind.","robots":{"index":"index","follow":"follow","max-snippet":"max-snippet:-1","max-image-preview":"max-image-preview:large","max-video-preview":"max-video-preview:-1"},"canonical":"https:\/\/www.concertoplus.eu\/cs\/top-5-green-kariery-zvazte-2017\/","og_locale":"cs_CZ","og_type":"article","og_title":"The Top 5 \"Green\" Careers to Consider in 2017 - Concerto Plus","og_description":"There are all kinds of way you can make \u201cGreen\u201d choices in life that help the environment and lessen the footprint you leave behind.","og_url":"https:\/\/www.concertoplus.eu\/cs\/top-5-green-kariery-zvazte-2017\/","og_site_name":"Concerto Plus","og_image":[{"width":850,"height":478,"url":"https:\/\/www.concertoplus.eu\/wp-content\/uploads\/2017\/08\/wind.jpg","type":"image\/jpeg"}],"twitter_card":"summary_large_image","twitter_misc":{"Odhadovan\u00e1 doba \u010dten\u00ed":"3 minuty"},"schema":{"@context":"https:\/\/schema.org","@graph":[{"@type":"WebPage","@id":"https:\/\/www.concertoplus.eu\/cs\/top-5-green-kariery-zvazte-2017\/","url":"https:\/\/www.concertoplus.eu\/cs\/top-5-green-kariery-zvazte-2017\/","name":"The Top 5 \"Green\" Careers to Consider in 2017 - Concerto Plus","isPartOf":{"@id":"https:\/\/www.concertoplus.eu\/sk\/#website"},"primaryImageOfPage":{"@id":"https:\/\/www.concertoplus.eu\/cs\/top-5-green-kariery-zvazte-2017\/#primaryimage"},"image":{"@id":"https:\/\/www.concertoplus.eu\/cs\/top-5-green-kariery-zvazte-2017\/#primaryimage"},"thumbnailUrl":"https:\/\/www.concertoplus.eu\/wp-content\/uploads\/2017\/08\/wind.jpg","datePublished":"2017-08-25T14:42:00+00:00","description":"There are all kinds of way you can make \u201cGreen\u201d choices in life that help the environment and lessen the footprint you leave behind.","breadcrumb":{"@id":"https:\/\/www.concertoplus.eu\/cs\/top-5-green-kariery-zvazte-2017\/#breadcrumb"},"inLanguage":"cs","potentialAction":[{"@type":"ReadAction","target":["https:\/\/www.concertoplus.eu\/cs\/top-5-green-kariery-zvazte-2017\/"]}]},{"@type":"ImageObject","inLanguage":"cs","@id":"https:\/\/www.concertoplus.eu\/cs\/top-5-green-kariery-zvazte-2017\/#primaryimage","url":"https:\/\/www.concertoplus.eu\/wp-content\/uploads\/2017\/08\/wind.jpg","contentUrl":"https:\/\/www.concertoplus.eu\/wp-content\/uploads\/2017\/08\/wind.jpg"},{"@type":"BreadcrumbList","@id":"https:\/\/www.concertoplus.eu\/cs\/top-5-green-kariery-zvazte-2017\/#breadcrumb","itemListElement":[{"@type":"ListItem","position":1,"name":"Home","item":"https:\/\/www.concertoplus.eu\/"},{"@type":"ListItem","position":2,"name":"The Top 5 &#8220;Green&#8221; Careers to Consider in 2017"}]},{"@type":"WebSite","@id":"https:\/\/www.concertoplus.eu\/sk\/#website","url":"https:\/\/www.concertoplus.eu\/sk\/","name":"Concerto Plus","description":"","potentialAction":[{"@type":"SearchAction","target":{"@type":"EntryPoint","urlTemplate":"https:\/\/www.concertoplus.eu\/sk\/?s={search_term_string}"},"query-input":{"@type":"PropertyValueSpecification","valueRequired":true,"valueName":"search_term_string"}}],"inLanguage":"cs"}]}},"_links":{"self":[{"href":"https:\/\/www.concertoplus.eu\/cs\/wp-json\/wp\/v2\/pages\/408","targetHints":{"allow":["GET"]}}],"collection":[{"href":"https:\/\/www.concertoplus.eu\/cs\/wp-json\/wp\/v2\/pages"}],"about":[{"href":"https:\/\/www.concertoplus.eu\/cs\/wp-json\/wp\/v2\/types\/page"}],"author":[{"embeddable":true,"href":"https:\/\/www.concertoplus.eu\/cs\/wp-json\/wp\/v2\/users\/1"}],"replies":[{"embeddable":true,"href":"https:\/\/www.concertoplus.eu\/cs\/wp-json\/wp\/v2\/comments?post=408"}],"version-history":[{"count":0,"href":"https:\/\/www.concertoplus.eu\/cs\/wp-json\/wp\/v2\/pages\/408\/revisions"}],"wp:attachment":[{"href":"https:\/\/www.concertoplus.eu\/cs\/wp-json\/wp\/v2\/media?parent=408"}],"curies":[{"name":"wp","href":"https:\/\/api.w.org\/{rel}","templated":true}]}}