{"id":427,"date":"2018-03-21T18:22:23","date_gmt":"2018-03-21T18:22:23","guid":{"rendered":"https:\/\/www.concertoplus.eu\/?page_id=427"},"modified":"2018-04-02T10:54:31","modified_gmt":"2018-04-02T10:54:31","slug":"best-laser-marking-blogs-web","status":"publish","type":"page","link":"https:\/\/www.concertoplus.eu\/cs\/nejlepsi-laserove-znaceni-blogy-web\/","title":{"rendered":"Nejlep\u0161\u00ed blogy pro laserov\u00e9 zna\u010den\u00ed na webu"},"content":{"rendered":"<p class=\"western\" lang=\"en-GB\"><span lang=\"en-US\" style=\"color: #333333;\"><strong>Za\u010d\u00edn\u00e1me<\/strong><\/span><\/p>\n<p class=\"western\" lang=\"en-GB\"><span lang=\"en-US\" style=\"color: #333333;\">Nov\u00e9 ve sv\u011bt\u011b laserov\u00e9ho zna\u010den\u00ed? Hled\u00e1te pro v\u00e1s ide\u00e1ln\u00ed \u0159e\u0161en\u00ed, jeho\u017e pou\u017eit\u00ed nen\u00ed tak slo\u017eit\u00e9? Jste odborn\u00edk, kter\u00fd chce z\u016fstat informov\u00e1n o nejnov\u011bj\u0161\u00edch trendech?<\/span><\/p>\n<p class=\"western\" lang=\"en-GB\"><span lang=\"en-US\" style=\"color: #333333;\"><strong>Toto je spr\u00e1vn\u00e9 m\u00edsto<\/strong><\/span><\/p>\n<p class=\"western\" lang=\"en-GB\"><span lang=\"en-US\" style=\"color: #333333;\">My v Lasit jsme l\u00eddry v oboru laserov\u00e9ho zna\u010den\u00ed s mnohalet\u00fdmi zku\u0161enostmi. Ale i my jsme za\u010dali od nuly a budovali jsme si reputaci trp\u011blivost\u00ed a profesionalitou. Zde bychom m\u011bli doporu\u010dit blogy pro v\u0161echny \u00farovn\u011b, kter\u00e9 n\u00e1m pomohly b\u00fdt neust\u00e1le aktualizov\u00e1ny v tom, co d\u011bl\u00e1me.<\/span><\/p>\n<p class=\"western\" lang=\"en-GB\"><span lang=\"it-IT\" style=\"color: #333333;\"><strong>9 blog\u016f pro v\u00e1s<\/strong><\/span><\/p>\n<p class=\"western\" lang=\"en-GB\"><span lang=\"en-US\" style=\"color: #333333;\"><strong>Pro ty, kte\u0159\u00ed d\u011blaj\u00ed prvn\u00ed kroky<\/strong><\/span><\/p>\n<p class=\"western\" lang=\"en-GB\"><span style=\"color: #333333;\"><span lang=\"en-US\">Pokud pro v\u00e1s dosud nebyl laser nic jin\u00e9ho ne\u017e science fiction,\u00a0<\/span><span lang=\"en-US\"><strong><a style=\"color: #333333;\" href=\"https:\/\/www.lasitlaser.com\/portfolio\/9-laser-engraving-blogs-you-need-to-follow\/\">Syst\u00e9my laserov\u00e9ho zna\u010den\u00ed<\/a>\u00a0<\/strong><\/span><span lang=\"en-US\">je m\u00edsto, kde za\u010d\u00edt: jednoduch\u00e1 vysv\u011btlen\u00ed, ale vy\u010derp\u00e1vaj\u00edc\u00ed, mo\u017enost prohloubit m\u00e9n\u011b jasn\u00e9 detaily a zvl\u00e1\u0161tn\u00ed zam\u011b\u0159en\u00ed na v\u00fdb\u011br materi\u00e1l\u016f, \u010din\u00ed tento blog prvn\u00edm a z\u00e1sadn\u00edm krokem k tomu, aby se stal odborn\u00edkem v oboru.<\/ span> Jakmile vezmete ruku,\u00a0<\/span><a style=\"color: #333333;\" href=\"http:\/\/www.laserfocusworld.com\/index.html\"><span lang=\"en-US\"><strong>Sv\u011bt laserov\u00e9ho ost\u0159en\u00ed\u00a0<\/strong><\/span><\/a><span lang=\"en-US\">posiluje tyto znalosti m\u011bs\u00ed\u010dn\u00edmi \u010dl\u00e1nky r\u016fzn\u00fdch autor\u016f, kte\u0159\u00ed poskytuj\u00ed 360stup\u0148ov\u00fd pohled na sv\u011bt laserov\u00fdch technologi\u00ed.<\/span><\/span><\/p>\n<p class=\"western\"><span lang=\"en-US\" style=\"color: #333333;\"><strong>Pro odborn\u00edky<\/strong><\/span><\/p>\n<p class=\"western\" lang=\"en-GB\"><span style=\"color: #333333;\"><span lang=\"en-US\">Ti, kte\u0159\u00ed maj\u00ed zku\u0161enosti s laserov\u00fdm zna\u010den\u00edm, se ur\u010dit\u011b nedostanou pry\u010d\u00a0<\/span><span lang=\"en-US\"><strong>Pr\u016fmyslov\u00e1 laserov\u00e1 \u0159e\u0161en\u00ed\u00a0<\/strong><\/span><span lang=\"en-US\">: kompetence a inovace jsou kl\u00ed\u010dov\u00e1 slova pro tento dvoum\u011bs\u00ed\u010dn\u00edk, kter\u00fd je speci\u00e1ln\u011b v\u011bnov\u00e1n profesion\u00e1l\u016fm v oboru. A pro ty, kte\u0159\u00ed tou\u017e\u00ed po znalostech: jejich blog je ka\u017ed\u00fd den aktualizov\u00e1n.<\/span><\/span><\/p>\n<p class=\"western\"><span lang=\"en-US\" style=\"color: #333333;\"><strong>Pro ivi<\/strong><\/span><\/p>\n<p class=\"western\" lang=\"en-GB\"><span style=\"color: #333333;\"><span lang=\"en-US\">Laserov\u00e9 zna\u010den\u00ed je rozs\u00e1hl\u00e9 a fascinuj\u00edc\u00ed pole, kter\u00e9 v\u00e1m umo\u017en\u00ed experimentovat s \u0159e\u0161en\u00edmi i mimo tento obor:\u00a0<\/span><a style=\"color: #333333;\" href=\"https:\/\/lasercutdesignlab.blogspot.it\/\"><span lang=\"en-US\"><strong>Laser Cut Laborator\u00a0<\/strong><\/span><\/a><span lang=\"en-US\">a\u00a0<\/span><a style=\"color: #333333;\" href=\"https:\/\/msraynsford.blogspot.it\/\"><span lang=\"en-US\"><strong>MSRaynsford\u00a0<\/strong><\/span><\/a><span lang=\"en-US\">uka\u017ete n\u00e1m, jak je laserov\u00e1 technologie platn\u00fdm n\u00e1strojem pro kreativn\u00ed odv\u011btv\u00ed, s jejich vtipn\u00fdmi n\u00e1pady a origin\u00e1ly: co maj\u00ed spole\u010dn\u00e9 h\u00e1danky, \u0161t\u00edty, \u0161perky a dr\u017e\u00e1ky na muffiny? <\/span><span lang=\"it-IT\">Laser samoz\u0159ejm\u011b!<\/span><\/span><\/p>\n<p class=\"western\"><span lang=\"en-US\" style=\"color: #333333;\"><strong>V\u017edy aktu\u00e1ln\u00ed<\/strong><\/span><\/p>\n<p class=\"western\" lang=\"en-GB\"><span style=\"color: #333333;\"><span lang=\"en-US\">Je va\u0161e zv\u011bdavost nevy\u010derpateln\u00e1? Chcete zn\u00e1t v\u0161echny mo\u017en\u00e9 aplikace laserov\u00e9 technologie? Tyto 4 blogy n\u00e1m ukazuj\u00ed v\u0161estrannost odv\u011btv\u00ed:\u00a0<\/span><a style=\"color: #333333;\" href=\"https:\/\/plasticsdecoratingblog.com\/?cat=8\"><span lang=\"en-US\"><strong>Plastov\u00fd \u010dasopis pro zdoben\u00ed\u00a0<\/strong><\/span><\/a><span lang=\"en-US\">, kter\u00e1 se zam\u011b\u0159uje na v\u00fdhody pou\u017e\u00edv\u00e1n\u00ed laserov\u00e9ho zna\u010den\u00ed na plastech;\u00a0<\/span><a style=\"color: #333333;\" href=\"https:\/\/www.fabtechexpo.com\/blog\"><span lang=\"en-US\"><strong>FABTECH\u00a0<\/strong><\/span><\/a><span lang=\"en-US\">zam\u011b\u0159uje se na pou\u017eit\u00ed kov\u016f ve zpracovatelsk\u00e9m pr\u016fmyslu, se zaj\u00edmav\u00fdmi \u010dl\u00e1nky o konferenci v Las Vegas;\u00a0<\/span><a style=\"color: #333333;\" href=\"http:\/\/blog.lidarnews.com\/\"><span lang=\"en-US\"><strong>Novinky LiDAR\u00a0<\/strong><\/span><\/a><span lang=\"en-US\">, kter\u00fd se pt\u00e1: \u201ejak 3D laserov\u00e9 skenov\u00e1n\u00ed pom\u00e1h\u00e1 spot\u0159ebiteli?\u201c;\u00a0<\/span><a style=\"color: #333333;\" href=\"http:\/\/blog.123dapp.com\/category\/laser-cutting\"><span lang=\"en-US\"><strong>Autodesk 123D\u00a0<\/strong><\/span><\/a><span lang=\"en-US\">, nab\u00edz\u00ed sadu aplikac\u00ed ur\u010den\u00fdch pro 3D design se zvl\u00e1\u0161tn\u00edm zam\u011b\u0159en\u00edm na \u0159ez\u00e1n\u00ed laserem.<\/span><\/span><\/p>","protected":false},"excerpt":{"rendered":"<p>Getting Started New\u00a0in the world of laser marking? Are you looking for an ideal solution for you that is not so complex to apply? Are you an expert who wants to stay updated on the latest trends? This is the right place We at Lasit are leaders in the laser marking industry, with many years [&hellip;]<\/p>","protected":false},"author":1,"featured_media":0,"parent":0,"menu_order":0,"comment_status":"closed","ping_status":"closed","template":"","meta":{"footnotes":""},"class_list":["post-427","page","type-page","status-publish","hentry"],"yoast_head":"<!-- This site is optimized with the Yoast SEO plugin v25.3.1 - https:\/\/yoast.com\/wordpress\/plugins\/seo\/ -->\n<title>The best laser marking blogs on web - Concerto Plus<\/title>\n<meta name=\"robots\" content=\"index, follow, max-snippet:-1, max-image-preview:large, max-video-preview:-1\" \/>\n<link rel=\"canonical\" href=\"https:\/\/www.concertoplus.eu\/cs\/best-laser-marking-blogs-web\/\" \/>\n<meta property=\"og:locale\" content=\"cs_CZ\" \/>\n<meta property=\"og:type\" content=\"article\" \/>\n<meta property=\"og:title\" content=\"The best laser marking blogs on web - Concerto Plus\" \/>\n<meta property=\"og:description\" content=\"Getting Started New\u00a0in the world of laser marking? Are you looking for an ideal solution for you that is not so complex to apply? Are you an expert who wants to stay updated on the latest trends? This is the right place We at Lasit are leaders in the laser marking industry, with many years [&hellip;]\" \/>\n<meta property=\"og:url\" content=\"https:\/\/www.concertoplus.eu\/cs\/best-laser-marking-blogs-web\/\" \/>\n<meta property=\"og:site_name\" content=\"Concerto Plus\" \/>\n<meta property=\"article:modified_time\" content=\"2018-04-02T10:54:31+00:00\" \/>\n<meta name=\"twitter:card\" content=\"summary_large_image\" \/>\n<meta name=\"twitter:label1\" content=\"Odhadovan\u00e1 doba \u010dten\u00ed\" \/>\n\t<meta name=\"twitter:data1\" content=\"2 minuty\" \/>\n<script type=\"application\/ld+json\" class=\"yoast-schema-graph\">{\"@context\":\"https:\/\/schema.org\",\"@graph\":[{\"@type\":\"WebPage\",\"@id\":\"https:\/\/www.concertoplus.eu\/best-laser-marking-blogs-web\/\",\"url\":\"https:\/\/www.concertoplus.eu\/best-laser-marking-blogs-web\/\",\"name\":\"The best laser marking blogs on web - Concerto Plus\",\"isPartOf\":{\"@id\":\"https:\/\/www.concertoplus.eu\/sk\/#website\"},\"datePublished\":\"2018-03-21T18:22:23+00:00\",\"dateModified\":\"2018-04-02T10:54:31+00:00\",\"breadcrumb\":{\"@id\":\"https:\/\/www.concertoplus.eu\/best-laser-marking-blogs-web\/#breadcrumb\"},\"inLanguage\":\"cs\",\"potentialAction\":[{\"@type\":\"ReadAction\",\"target\":[\"https:\/\/www.concertoplus.eu\/best-laser-marking-blogs-web\/\"]}]},{\"@type\":\"BreadcrumbList\",\"@id\":\"https:\/\/www.concertoplus.eu\/best-laser-marking-blogs-web\/#breadcrumb\",\"itemListElement\":[{\"@type\":\"ListItem\",\"position\":1,\"name\":\"Home\",\"item\":\"https:\/\/www.concertoplus.eu\/\"},{\"@type\":\"ListItem\",\"position\":2,\"name\":\"The best laser marking blogs on web\"}]},{\"@type\":\"WebSite\",\"@id\":\"https:\/\/www.concertoplus.eu\/sk\/#website\",\"url\":\"https:\/\/www.concertoplus.eu\/sk\/\",\"name\":\"Concerto Plus\",\"description\":\"\",\"potentialAction\":[{\"@type\":\"SearchAction\",\"target\":{\"@type\":\"EntryPoint\",\"urlTemplate\":\"https:\/\/www.concertoplus.eu\/sk\/?s={search_term_string}\"},\"query-input\":{\"@type\":\"PropertyValueSpecification\",\"valueRequired\":true,\"valueName\":\"search_term_string\"}}],\"inLanguage\":\"cs\"}]}<\/script>\n<!-- \/ Yoast SEO plugin. -->","yoast_head_json":{"title":"The best laser marking blogs on web - Concerto Plus","robots":{"index":"index","follow":"follow","max-snippet":"max-snippet:-1","max-image-preview":"max-image-preview:large","max-video-preview":"max-video-preview:-1"},"canonical":"https:\/\/www.concertoplus.eu\/cs\/best-laser-marking-blogs-web\/","og_locale":"cs_CZ","og_type":"article","og_title":"The best laser marking blogs on web - Concerto Plus","og_description":"Getting Started New\u00a0in the world of laser marking? Are you looking for an ideal solution for you that is not so complex to apply? Are you an expert who wants to stay updated on the latest trends? This is the right place We at Lasit are leaders in the laser marking industry, with many years [&hellip;]","og_url":"https:\/\/www.concertoplus.eu\/cs\/best-laser-marking-blogs-web\/","og_site_name":"Concerto Plus","article_modified_time":"2018-04-02T10:54:31+00:00","twitter_card":"summary_large_image","twitter_misc":{"Odhadovan\u00e1 doba \u010dten\u00ed":"2 minuty"},"schema":{"@context":"https:\/\/schema.org","@graph":[{"@type":"WebPage","@id":"https:\/\/www.concertoplus.eu\/best-laser-marking-blogs-web\/","url":"https:\/\/www.concertoplus.eu\/best-laser-marking-blogs-web\/","name":"The best laser marking blogs on web - Concerto Plus","isPartOf":{"@id":"https:\/\/www.concertoplus.eu\/sk\/#website"},"datePublished":"2018-03-21T18:22:23+00:00","dateModified":"2018-04-02T10:54:31+00:00","breadcrumb":{"@id":"https:\/\/www.concertoplus.eu\/best-laser-marking-blogs-web\/#breadcrumb"},"inLanguage":"cs","potentialAction":[{"@type":"ReadAction","target":["https:\/\/www.concertoplus.eu\/best-laser-marking-blogs-web\/"]}]},{"@type":"BreadcrumbList","@id":"https:\/\/www.concertoplus.eu\/best-laser-marking-blogs-web\/#breadcrumb","itemListElement":[{"@type":"ListItem","position":1,"name":"Home","item":"https:\/\/www.concertoplus.eu\/"},{"@type":"ListItem","position":2,"name":"The best laser marking blogs on web"}]},{"@type":"WebSite","@id":"https:\/\/www.concertoplus.eu\/sk\/#website","url":"https:\/\/www.concertoplus.eu\/sk\/","name":"Concerto Plus","description":"","potentialAction":[{"@type":"SearchAction","target":{"@type":"EntryPoint","urlTemplate":"https:\/\/www.concertoplus.eu\/sk\/?s={search_term_string}"},"query-input":{"@type":"PropertyValueSpecification","valueRequired":true,"valueName":"search_term_string"}}],"inLanguage":"cs"}]}},"_links":{"self":[{"href":"https:\/\/www.concertoplus.eu\/cs\/wp-json\/wp\/v2\/pages\/427","targetHints":{"allow":["GET"]}}],"collection":[{"href":"https:\/\/www.concertoplus.eu\/cs\/wp-json\/wp\/v2\/pages"}],"about":[{"href":"https:\/\/www.concertoplus.eu\/cs\/wp-json\/wp\/v2\/types\/page"}],"author":[{"embeddable":true,"href":"https:\/\/www.concertoplus.eu\/cs\/wp-json\/wp\/v2\/users\/1"}],"replies":[{"embeddable":true,"href":"https:\/\/www.concertoplus.eu\/cs\/wp-json\/wp\/v2\/comments?post=427"}],"version-history":[{"count":0,"href":"https:\/\/www.concertoplus.eu\/cs\/wp-json\/wp\/v2\/pages\/427\/revisions"}],"wp:attachment":[{"href":"https:\/\/www.concertoplus.eu\/cs\/wp-json\/wp\/v2\/media?parent=427"}],"curies":[{"name":"wp","href":"https:\/\/api.w.org\/{rel}","templated":true}]}}