{"id":88,"date":"2015-09-23T15:04:24","date_gmt":"2015-09-23T15:04:24","guid":{"rendered":"http:\/\/www.concertoplus.eu\/?page_id=88"},"modified":"2015-09-23T15:12:18","modified_gmt":"2015-09-23T15:12:18","slug":"achievements","status":"publish","type":"page","link":"https:\/\/www.concertoplus.eu\/cs\/uvod\/uspechy\/","title":{"rendered":"\u00dasp\u011bchy"},"content":{"rendered":"<p><strong>CONCERTO stanov\u00ed vy\u0161\u0161\u00ed standardy energetick\u00e9 \u00fa\u010dinnosti a <a href=\"https:\/\/ec.europa.eu\/energy\/sites\/ener\/files\/documents\/201406_report_renewables_integration_europe.pdf\">integrace OZE<\/a> a t\u00edm \u0159\u00edd\u00ed vylep\u0161en\u00e9 standardy a p\u0159edpisy na evropsk\u00e9, n\u00e1rodn\u00ed a m\u00edstn\u00ed \u00farovni<\/strong><\/p>\n<p>&nbsp;<\/p>\n<ul>\n<li>\u2022 Bylo postaveno v\u00edce ne\u017e 3 000 vysoce v\u00fdkonn\u00fdch nov\u00fdch budov (1,75 milionu m\u00b2)<\/li>\n<li>\u2022 P\u0159ibli\u017en\u011b 1 400 budov bylo zrekonstruov\u00e1no (2 miliony m\u00b2)<\/li>\n<li><img loading=\"lazy\" decoding=\"async\" class=\"wp-image-92 alignright\" src=\"http:\/\/www.concertoplus.eu\/wp-content\/uploads\/2015\/09\/i54.jpg\" alt=\"\u00dasp\u011bchy\" width=\"315\" height=\"301\" srcset=\"https:\/\/www.concertoplus.eu\/wp-content\/uploads\/2015\/09\/i54.jpg 400w, https:\/\/www.concertoplus.eu\/wp-content\/uploads\/2015\/09\/i54-300x287.jpg 300w\" sizes=\"auto, (max-width: 315px) 100vw, 315px\" \/>\u2022 376 kt <a href=\"https:\/\/en.wikipedia.org\/wiki\/Carbon_dioxide\">CO2<\/a> sn\u00ed\u017een\u00ed emis\u00ed za rok v t\u011bchto oblastech:\n<ul>\n<li>17 kt ve zrekonstruovan\u00fdch budov\u00e1ch<\/li>\n<li>7 kt v nov\u00fdch budov\u00e1ch<\/li>\n<li>147 kt v jednotk\u00e1ch dod\u00e1vky energie - elekt\u0159ina<\/li>\n<li>173 kt v jednotk\u00e1ch dod\u00e1vky energie - d\u00e1lkov\u00e9 vyt\u00e1p\u011bn\u00ed<\/li>\n<li>22 kt v jednotk\u00e1ch dod\u00e1vky energie - topen\u00ed<\/li>\n<\/ul>\n<\/li>\n<li>\u2022 Sn\u00ed\u017een\u00ed popt\u00e1vky po neobnoviteln\u00e9 prim\u00e1rn\u00ed energii o 1 326 GWh ro\u010dn\u011b v t\u011bchto oblastech:\n<ul>\n<li>5 % ve zrekonstruovan\u00fdch budov\u00e1ch<\/li>\n<li>6 % v nov\u00fdch budov\u00e1ch<\/li>\n<li>37 % v jednotk\u00e1ch dod\u00e1vky energie - elekt\u0159ina<\/li>\n<li>46 % v jednotk\u00e1ch dod\u00e1vky energie - d\u00e1lkov\u00e9 vyt\u00e1p\u011bn\u00ed<\/li>\n<li>6 % v jednotk\u00e1ch dod\u00e1vky energie - vyt\u00e1p\u011bn\u00ed (pokud nejsou k dispozici \u00fadaje o budov\u00e1ch nebo d\u00e1lkov\u00e9m vyt\u00e1p\u011bn\u00ed)<\/li>\n<\/ul>\n<\/li>\n<li>\u2022 530 000 tun emis\u00ed CO2 ro\u010dn\u011b <br \/>(<em>* Stav \u00fadaj\u016f ze z\u00e1\u0159\u00ed 2013)<\/em><\/li>\n<\/ul>","protected":false},"excerpt":{"rendered":"<p>CONCERTO sets higher performance standards in energy efficiency and integration of RES and thus drives improved standards and regulations on a European, national and local level &nbsp; \u2022 More than 3,000 high-performance new buildings were built (1.75 million m\u00b2) \u2022 Around 1,400 buildings were refurbished (2 million m\u00b2) \u2022 376 kt CO2 emission reductions per [&hellip;]<\/p>","protected":false},"author":1,"featured_media":0,"parent":50,"menu_order":0,"comment_status":"closed","ping_status":"closed","template":"","meta":{"footnotes":""},"class_list":["post-88","page","type-page","status-publish","hentry"],"yoast_head":"<!-- This site is optimized with the Yoast SEO plugin v25.3.1 - https:\/\/yoast.com\/wordpress\/plugins\/seo\/ -->\n<title>Achievements - Concerto Plus<\/title>\n<meta name=\"description\" content=\"CONCERTO sets higher performance standards in energy efficiency and integration of RES and thus drives improved standards and regulations on a European\" \/>\n<meta name=\"robots\" content=\"index, follow, max-snippet:-1, max-image-preview:large, max-video-preview:-1\" \/>\n<link rel=\"canonical\" href=\"https:\/\/www.concertoplus.eu\/cs\/uvod\/uspechy\/\" \/>\n<meta property=\"og:locale\" content=\"cs_CZ\" \/>\n<meta property=\"og:type\" content=\"article\" \/>\n<meta property=\"og:title\" content=\"Achievements - Concerto Plus\" \/>\n<meta property=\"og:description\" content=\"CONCERTO sets higher performance standards in energy efficiency and integration of RES and thus drives improved standards and regulations on a European\" \/>\n<meta property=\"og:url\" content=\"https:\/\/www.concertoplus.eu\/cs\/uvod\/uspechy\/\" \/>\n<meta property=\"og:site_name\" content=\"Concerto Plus\" \/>\n<meta property=\"article:modified_time\" content=\"2015-09-23T15:12:18+00:00\" \/>\n<meta property=\"og:image\" content=\"https:\/\/www.concertoplus.eu\/wp-content\/uploads\/2015\/09\/i54.jpg\" \/>\n\t<meta property=\"og:image:width\" content=\"400\" \/>\n\t<meta property=\"og:image:height\" content=\"383\" \/>\n\t<meta property=\"og:image:type\" content=\"image\/jpeg\" \/>\n<meta name=\"twitter:card\" content=\"summary_large_image\" \/>\n<meta name=\"twitter:label1\" content=\"Odhadovan\u00e1 doba \u010dten\u00ed\" \/>\n\t<meta name=\"twitter:data1\" content=\"1 minuta\" \/>\n<script type=\"application\/ld+json\" class=\"yoast-schema-graph\">{\"@context\":\"https:\/\/schema.org\",\"@graph\":[{\"@type\":\"WebPage\",\"@id\":\"https:\/\/www.concertoplus.eu\/sk\/uvod\/uspechy\/\",\"url\":\"https:\/\/www.concertoplus.eu\/sk\/uvod\/uspechy\/\",\"name\":\"Achievements - Concerto Plus\",\"isPartOf\":{\"@id\":\"https:\/\/www.concertoplus.eu\/sk\/#website\"},\"primaryImageOfPage\":{\"@id\":\"https:\/\/www.concertoplus.eu\/sk\/uvod\/uspechy\/#primaryimage\"},\"image\":{\"@id\":\"https:\/\/www.concertoplus.eu\/sk\/uvod\/uspechy\/#primaryimage\"},\"thumbnailUrl\":\"http:\/\/www.concertoplus.eu\/wp-content\/uploads\/2015\/09\/i54.jpg\",\"datePublished\":\"2015-09-23T15:04:24+00:00\",\"dateModified\":\"2015-09-23T15:12:18+00:00\",\"description\":\"CONCERTO sets higher performance standards in energy efficiency and integration of RES and thus drives improved standards and regulations on a European\",\"breadcrumb\":{\"@id\":\"https:\/\/www.concertoplus.eu\/sk\/uvod\/uspechy\/#breadcrumb\"},\"inLanguage\":\"cs\",\"potentialAction\":[{\"@type\":\"ReadAction\",\"target\":[\"https:\/\/www.concertoplus.eu\/sk\/uvod\/uspechy\/\"]}]},{\"@type\":\"ImageObject\",\"inLanguage\":\"cs\",\"@id\":\"https:\/\/www.concertoplus.eu\/sk\/uvod\/uspechy\/#primaryimage\",\"url\":\"http:\/\/www.concertoplus.eu\/wp-content\/uploads\/2015\/09\/i54.jpg\",\"contentUrl\":\"http:\/\/www.concertoplus.eu\/wp-content\/uploads\/2015\/09\/i54.jpg\"},{\"@type\":\"BreadcrumbList\",\"@id\":\"https:\/\/www.concertoplus.eu\/sk\/uvod\/uspechy\/#breadcrumb\",\"itemListElement\":[{\"@type\":\"ListItem\",\"position\":1,\"name\":\"Home\",\"item\":\"https:\/\/www.concertoplus.eu\/\"},{\"@type\":\"ListItem\",\"position\":2,\"name\":\"Introduction\",\"item\":\"https:\/\/www.concertoplus.eu\/sk\/uvod\/\"},{\"@type\":\"ListItem\",\"position\":3,\"name\":\"Achievements\"}]},{\"@type\":\"WebSite\",\"@id\":\"https:\/\/www.concertoplus.eu\/sk\/#website\",\"url\":\"https:\/\/www.concertoplus.eu\/sk\/\",\"name\":\"Concerto Plus\",\"description\":\"\",\"potentialAction\":[{\"@type\":\"SearchAction\",\"target\":{\"@type\":\"EntryPoint\",\"urlTemplate\":\"https:\/\/www.concertoplus.eu\/sk\/?s={search_term_string}\"},\"query-input\":{\"@type\":\"PropertyValueSpecification\",\"valueRequired\":true,\"valueName\":\"search_term_string\"}}],\"inLanguage\":\"cs\"}]}<\/script>\n<!-- \/ Yoast SEO plugin. -->","yoast_head_json":{"title":"Achievements - Concerto Plus","description":"CONCERTO sets higher performance standards in energy efficiency and integration of RES and thus drives improved standards and regulations on a European","robots":{"index":"index","follow":"follow","max-snippet":"max-snippet:-1","max-image-preview":"max-image-preview:large","max-video-preview":"max-video-preview:-1"},"canonical":"https:\/\/www.concertoplus.eu\/cs\/uvod\/uspechy\/","og_locale":"cs_CZ","og_type":"article","og_title":"Achievements - Concerto Plus","og_description":"CONCERTO sets higher performance standards in energy efficiency and integration of RES and thus drives improved standards and regulations on a European","og_url":"https:\/\/www.concertoplus.eu\/cs\/uvod\/uspechy\/","og_site_name":"Concerto Plus","article_modified_time":"2015-09-23T15:12:18+00:00","og_image":[{"width":400,"height":383,"url":"https:\/\/www.concertoplus.eu\/wp-content\/uploads\/2015\/09\/i54.jpg","type":"image\/jpeg"}],"twitter_card":"summary_large_image","twitter_misc":{"Odhadovan\u00e1 doba \u010dten\u00ed":"1 minuta"},"schema":{"@context":"https:\/\/schema.org","@graph":[{"@type":"WebPage","@id":"https:\/\/www.concertoplus.eu\/sk\/uvod\/uspechy\/","url":"https:\/\/www.concertoplus.eu\/sk\/uvod\/uspechy\/","name":"Achievements - Concerto Plus","isPartOf":{"@id":"https:\/\/www.concertoplus.eu\/sk\/#website"},"primaryImageOfPage":{"@id":"https:\/\/www.concertoplus.eu\/sk\/uvod\/uspechy\/#primaryimage"},"image":{"@id":"https:\/\/www.concertoplus.eu\/sk\/uvod\/uspechy\/#primaryimage"},"thumbnailUrl":"http:\/\/www.concertoplus.eu\/wp-content\/uploads\/2015\/09\/i54.jpg","datePublished":"2015-09-23T15:04:24+00:00","dateModified":"2015-09-23T15:12:18+00:00","description":"CONCERTO sets higher performance standards in energy efficiency and integration of RES and thus drives improved standards and regulations on a European","breadcrumb":{"@id":"https:\/\/www.concertoplus.eu\/sk\/uvod\/uspechy\/#breadcrumb"},"inLanguage":"cs","potentialAction":[{"@type":"ReadAction","target":["https:\/\/www.concertoplus.eu\/sk\/uvod\/uspechy\/"]}]},{"@type":"ImageObject","inLanguage":"cs","@id":"https:\/\/www.concertoplus.eu\/sk\/uvod\/uspechy\/#primaryimage","url":"http:\/\/www.concertoplus.eu\/wp-content\/uploads\/2015\/09\/i54.jpg","contentUrl":"http:\/\/www.concertoplus.eu\/wp-content\/uploads\/2015\/09\/i54.jpg"},{"@type":"BreadcrumbList","@id":"https:\/\/www.concertoplus.eu\/sk\/uvod\/uspechy\/#breadcrumb","itemListElement":[{"@type":"ListItem","position":1,"name":"Home","item":"https:\/\/www.concertoplus.eu\/"},{"@type":"ListItem","position":2,"name":"Introduction","item":"https:\/\/www.concertoplus.eu\/sk\/uvod\/"},{"@type":"ListItem","position":3,"name":"Achievements"}]},{"@type":"WebSite","@id":"https:\/\/www.concertoplus.eu\/sk\/#website","url":"https:\/\/www.concertoplus.eu\/sk\/","name":"Concerto Plus","description":"","potentialAction":[{"@type":"SearchAction","target":{"@type":"EntryPoint","urlTemplate":"https:\/\/www.concertoplus.eu\/sk\/?s={search_term_string}"},"query-input":{"@type":"PropertyValueSpecification","valueRequired":true,"valueName":"search_term_string"}}],"inLanguage":"cs"}]}},"_links":{"self":[{"href":"https:\/\/www.concertoplus.eu\/cs\/wp-json\/wp\/v2\/pages\/88","targetHints":{"allow":["GET"]}}],"collection":[{"href":"https:\/\/www.concertoplus.eu\/cs\/wp-json\/wp\/v2\/pages"}],"about":[{"href":"https:\/\/www.concertoplus.eu\/cs\/wp-json\/wp\/v2\/types\/page"}],"author":[{"embeddable":true,"href":"https:\/\/www.concertoplus.eu\/cs\/wp-json\/wp\/v2\/users\/1"}],"replies":[{"embeddable":true,"href":"https:\/\/www.concertoplus.eu\/cs\/wp-json\/wp\/v2\/comments?post=88"}],"version-history":[{"count":0,"href":"https:\/\/www.concertoplus.eu\/cs\/wp-json\/wp\/v2\/pages\/88\/revisions"}],"up":[{"embeddable":true,"href":"https:\/\/www.concertoplus.eu\/cs\/wp-json\/wp\/v2\/pages\/50"}],"wp:attachment":[{"href":"https:\/\/www.concertoplus.eu\/cs\/wp-json\/wp\/v2\/media?parent=88"}],"curies":[{"name":"wp","href":"https:\/\/api.w.org\/{rel}","templated":true}]}}