{"id":406,"date":"2017-08-24T20:03:06","date_gmt":"2017-08-24T20:03:06","guid":{"rendered":"https:\/\/www.concertoplus.eu\/?page_id=406"},"modified":"2017-08-24T20:03:06","modified_gmt":"2017-08-24T20:03:06","slug":"might-brexit-impact-environment","status":"publish","type":"page","link":"https:\/\/www.concertoplus.eu\/de\/konnte-brexit-impact-umgebung\/","title":{"rendered":"Wie k\u00f6nnte sich der Brexit auf die Umwelt auswirken?"},"content":{"rendered":"<p><strong>Von allen Fragen im Zusammenhang mit dem Brexit haben seine Auswirkungen auf die Umweltpolitik in Gro\u00dfbritannien und der EU viel weniger Beachtung gefunden als die m\u00f6glichen finanziellen und wirtschaftlichen Folgen der Trennung. Der Brexit wird jedoch sicherlich erhebliche Auswirkungen auf die Art und Weise haben, in der das Vereinigte K\u00f6nigreich Richtlinien in Bezug auf Umweltfragen wie erneuerbare Energien, Umweltverschmutzung und Luftnormen sowie allgemeine nationale Umweltschutznormen schreibt und durchsetzt.<\/strong><\/p>\n<p><a name=\"_2rpdfzdsm42c\"><\/a> Als transnationales Leitungsgremium hat die Europ\u00e4ische Union effektiv einen der gr\u00f6\u00dften rechtlichen Bestandteile des Umweltschutzrechts und der Ziele f\u00fcr erneuerbare Energien geschaffen, die Europa effektiv zum weltweit f\u00fchrenden Umweltpolitiker machen. Da das Vereinigte K\u00f6nigreich kurz vor dem Brexit steht und mit der formellen Entkopplung von der EU beginnt, ist noch unklar, wie stark sich die Scheidung auf die Umwelt in Gro\u00dfbritannien und im gesamten Europa auswirken wird.<\/p>\n<p style=\"text-align: center;\"><img loading=\"lazy\" decoding=\"async\" class=\"aligncenter size-full wp-image-404\" src=\"https:\/\/www.concertoplus.eu\/wp-content\/uploads\/2017\/08\/brex.jpg\" alt=\"\" width=\"850\" height=\"478\" srcset=\"https:\/\/www.concertoplus.eu\/wp-content\/uploads\/2017\/08\/brex.jpg 850w, https:\/\/www.concertoplus.eu\/wp-content\/uploads\/2017\/08\/brex-300x169.jpg 300w, https:\/\/www.concertoplus.eu\/wp-content\/uploads\/2017\/08\/brex-768x432.jpg 768w\" sizes=\"auto, (max-width: 850px) 100vw, 850px\" \/><\/p>\n<h2 class=\"western\">Das Ergebnis der Brexit- und Umweltverordnung<\/h2>\n<p>Letztendlich wurde der Brexit beschlossen, als die Briten eine st\u00e4rkere nationale Kontrolle \u00fcber die Wirtschafts- und Einwanderungspolitik anstrebten. Mit dem Austritt aus der EU kann das Vereinigte K\u00f6nigreich nun auch seine eigene Umweltpolitik verfolgen, von der einige Kritiker warnen, dass sie wahrscheinlich weniger streng sein k\u00f6nnte als die aktuellen EU-Standards.<\/p>\n<p>Es ist jedoch m\u00f6glich, dass das Vereinigte K\u00f6nigreich seine Mitgliedschaft im Europ\u00e4ischen Wirtschaftsraum beibeh\u00e4lt, wodurch effektiv sichergestellt wird, dass das Vereinigte K\u00f6nigreich bestimmte Vorschriften f\u00fcr die Produktion von Wildtieren, Ozeanen und Lebensmitteln einhalten muss, falls es seine Waren in die EU exportieren m\u00f6chte.<\/p>\n<p>Die meisten Sch\u00fcler <a href=\"http:\/\/graduate.norwich.edu\/international-relations\/\"><span style=\"color: #1155cc;\"><u>einen Master in internationalen Beziehungen verfolgen<\/u><\/span><\/a> sind mit internationalen Vertr\u00e4gen vertraut, aber der Brexit stellt eine ganze Reihe komplexer Themen vor, die wahrscheinlich in Zukunft als Fallstudie f\u00fcr Masterstudieng\u00e4nge in internationalen Angelegenheiten dienen werden.<\/p>\n<p><img loading=\"lazy\" decoding=\"async\" class=\"aligncenter size-full wp-image-403\" src=\"https:\/\/www.concertoplus.eu\/wp-content\/uploads\/2017\/08\/diff.jpg\" alt=\"\" width=\"850\" height=\"479\" srcset=\"https:\/\/www.concertoplus.eu\/wp-content\/uploads\/2017\/08\/diff.jpg 850w, https:\/\/www.concertoplus.eu\/wp-content\/uploads\/2017\/08\/diff-300x169.jpg 300w, https:\/\/www.concertoplus.eu\/wp-content\/uploads\/2017\/08\/diff-768x433.jpg 768w\" sizes=\"auto, (max-width: 850px) 100vw, 850px\" \/><\/p>\n<h2 class=\"western\">Zuk\u00fcnftige Bedenken hinsichtlich der Pariser Klimaabkommen<\/h2>\n<p>Das besorgniserregendste Problem in Bezug auf <a href=\"https:\/\/www.edie.net\/news\/11\/Brexit-Article-50-impact-on-UK-environment-and-sustainable-business\/\"><span style=\"color: #1155cc;\"><u>Umwelt<\/u><\/span><\/a> Politik und Brexit ist, ob der populistische Anstieg der Unterst\u00fctzung f\u00fcr den Austritt aus der EU sich in eine Kampagne f\u00fcr Gro\u00dfbritannien verwandeln k\u00f6nnte, um sich von den wegweisenden Pariser Klimaabkommen zur\u00fcckzuziehen, einem Abkommen, das weltweit nahezu allgemein akzeptiert und ratifiziert wird.<\/p>\n<p>W\u00e4hrend die EU regional spezifische Umwelt- und Energiepolitiken ausgearbeitet hat, um Europa auf dem k\u00fcnftigen Energiemarkt nachhaltiger und wettbewerbsf\u00e4higer zu machen, bieten die Pariser Klimaabkommen entscheidende und dennoch grundlegende Ziele f\u00fcr die Reduzierung <a href=\"http:\/\/www.climatechangenews.com\/2017\/02\/15\/uk-to-use-carbon-cuts-as-brexit-bargaining-chip-envoy\/\"><span style=\"color: #1155cc;\"><u>Kohlenstoff<\/u><\/span><\/a> Emissionen und Umweltverschmutzung bei gleichzeitiger Steigerung der Erzeugung erneuerbarer Energien. Ein m\u00f6glicher R\u00fcckzug aus den Pariser Klimaabkommen aufgrund der populistischen Brexit-Welle w\u00e4re f\u00fcr die britische Umweltpolitik katastrophal und ein wahrer Schlag f\u00fcr die globale Umweltbewegung.<\/p>\n<h2 class=\"western\">Fazit<\/h2>\n<p>W\u00e4hrend der Brexit nicht unbedingt eine Umweltkatastrophe mit sich bringt, ist klar, dass <a href=\"https:\/\/www.twobirds.com\/en\/news\/articles\/2016\/uk\/brexit-environmental-law-implications\"><span style=\"color: #1155cc;\"><u>Brexit<\/u><\/span><\/a> wird Gro\u00dfbritannien vom Kurs einer umweltvertr\u00e4glicheren Zukunft abbringen. Das Vereinigte K\u00f6nigreich hat jetzt m\u00f6glicherweise die Freiheit, eine national spezifischere und ehrgeizigere umweltfreundliche Politik zu verfolgen, aber angesichts des Drucks der Wirtschafts- und Fertigungsindustrie, der in den K\u00f6pfen der Politiker von gr\u00f6\u00dfter Bedeutung ist, ist es unwahrscheinlich, dass das Vereinigte K\u00f6nigreich die F\u00e4higkeit oder den Wunsch der Bev\u00f6lkerung hat, Umweltschutz umzusetzen und eine Politik der erneuerbaren Energien, die so streng ist wie die der EU.<\/p>","protected":false},"excerpt":{"rendered":"<p>Of all the issues surrounding Brexit, its impact on environmental policy within the UK and the EU has received much less focus than the potential financial and economic fall-out of the separation. However, Brexit is certainly slated to have a considerable impact on the way in which the UK writes and enforces policy concerning environmental [&hellip;]<\/p>","protected":false},"author":1,"featured_media":0,"parent":0,"menu_order":0,"comment_status":"closed","ping_status":"closed","template":"","meta":{"footnotes":""},"class_list":["post-406","page","type-page","status-publish","hentry"],"yoast_head":"<!-- This site is optimized with the Yoast SEO plugin v25.3.1 - https:\/\/yoast.com\/wordpress\/plugins\/seo\/ -->\n<title>How Might Brexit Impact the Environment? - Concerto Plus<\/title>\n<meta name=\"robots\" content=\"index, follow, max-snippet:-1, max-image-preview:large, max-video-preview:-1\" \/>\n<link rel=\"canonical\" href=\"https:\/\/www.concertoplus.eu\/de\/moze-brexit-dopad-prostredie\/\" \/>\n<meta property=\"og:locale\" content=\"de_DE\" \/>\n<meta property=\"og:type\" content=\"article\" \/>\n<meta property=\"og:title\" content=\"How Might Brexit Impact the Environment? - Concerto Plus\" \/>\n<meta property=\"og:description\" content=\"Of all the issues surrounding Brexit, its impact on environmental policy within the UK and the EU has received much less focus than the potential financial and economic fall-out of the separation. However, Brexit is certainly slated to have a considerable impact on the way in which the UK writes and enforces policy concerning environmental [&hellip;]\" \/>\n<meta property=\"og:url\" content=\"https:\/\/www.concertoplus.eu\/de\/moze-brexit-dopad-prostredie\/\" \/>\n<meta property=\"og:site_name\" content=\"Concerto Plus\" \/>\n<meta property=\"og:image\" content=\"https:\/\/www.concertoplus.eu\/wp-content\/uploads\/2017\/08\/brex.jpg\" \/>\n\t<meta property=\"og:image:width\" content=\"850\" \/>\n\t<meta property=\"og:image:height\" content=\"478\" \/>\n\t<meta property=\"og:image:type\" content=\"image\/jpeg\" \/>\n<meta name=\"twitter:card\" content=\"summary_large_image\" \/>\n<meta name=\"twitter:label1\" content=\"Gesch\u00e4tzte Lesezeit\" \/>\n\t<meta name=\"twitter:data1\" content=\"2\u00a0Minuten\" \/>\n<script type=\"application\/ld+json\" class=\"yoast-schema-graph\">{\"@context\":\"https:\/\/schema.org\",\"@graph\":[{\"@type\":\"WebPage\",\"@id\":\"https:\/\/www.concertoplus.eu\/sk\/moze-brexit-dopad-prostredie\/\",\"url\":\"https:\/\/www.concertoplus.eu\/sk\/moze-brexit-dopad-prostredie\/\",\"name\":\"How Might Brexit Impact the Environment? - Concerto Plus\",\"isPartOf\":{\"@id\":\"https:\/\/www.concertoplus.eu\/sk\/#website\"},\"primaryImageOfPage\":{\"@id\":\"https:\/\/www.concertoplus.eu\/sk\/moze-brexit-dopad-prostredie\/#primaryimage\"},\"image\":{\"@id\":\"https:\/\/www.concertoplus.eu\/sk\/moze-brexit-dopad-prostredie\/#primaryimage\"},\"thumbnailUrl\":\"https:\/\/www.concertoplus.eu\/wp-content\/uploads\/2017\/08\/brex.jpg\",\"datePublished\":\"2017-08-24T20:03:06+00:00\",\"breadcrumb\":{\"@id\":\"https:\/\/www.concertoplus.eu\/sk\/moze-brexit-dopad-prostredie\/#breadcrumb\"},\"inLanguage\":\"de\",\"potentialAction\":[{\"@type\":\"ReadAction\",\"target\":[\"https:\/\/www.concertoplus.eu\/sk\/moze-brexit-dopad-prostredie\/\"]}]},{\"@type\":\"ImageObject\",\"inLanguage\":\"de\",\"@id\":\"https:\/\/www.concertoplus.eu\/sk\/moze-brexit-dopad-prostredie\/#primaryimage\",\"url\":\"https:\/\/www.concertoplus.eu\/wp-content\/uploads\/2017\/08\/brex.jpg\",\"contentUrl\":\"https:\/\/www.concertoplus.eu\/wp-content\/uploads\/2017\/08\/brex.jpg\"},{\"@type\":\"BreadcrumbList\",\"@id\":\"https:\/\/www.concertoplus.eu\/sk\/moze-brexit-dopad-prostredie\/#breadcrumb\",\"itemListElement\":[{\"@type\":\"ListItem\",\"position\":1,\"name\":\"Home\",\"item\":\"https:\/\/www.concertoplus.eu\/\"},{\"@type\":\"ListItem\",\"position\":2,\"name\":\"How Might Brexit Impact the Environment?\"}]},{\"@type\":\"WebSite\",\"@id\":\"https:\/\/www.concertoplus.eu\/sk\/#website\",\"url\":\"https:\/\/www.concertoplus.eu\/sk\/\",\"name\":\"Concerto Plus\",\"description\":\"\",\"potentialAction\":[{\"@type\":\"SearchAction\",\"target\":{\"@type\":\"EntryPoint\",\"urlTemplate\":\"https:\/\/www.concertoplus.eu\/sk\/?s={search_term_string}\"},\"query-input\":{\"@type\":\"PropertyValueSpecification\",\"valueRequired\":true,\"valueName\":\"search_term_string\"}}],\"inLanguage\":\"de\"}]}<\/script>\n<!-- \/ Yoast SEO plugin. -->","yoast_head_json":{"title":"How Might Brexit Impact the Environment? - Concerto Plus","robots":{"index":"index","follow":"follow","max-snippet":"max-snippet:-1","max-image-preview":"max-image-preview:large","max-video-preview":"max-video-preview:-1"},"canonical":"https:\/\/www.concertoplus.eu\/de\/moze-brexit-dopad-prostredie\/","og_locale":"de_DE","og_type":"article","og_title":"How Might Brexit Impact the Environment? - Concerto Plus","og_description":"Of all the issues surrounding Brexit, its impact on environmental policy within the UK and the EU has received much less focus than the potential financial and economic fall-out of the separation. However, Brexit is certainly slated to have a considerable impact on the way in which the UK writes and enforces policy concerning environmental [&hellip;]","og_url":"https:\/\/www.concertoplus.eu\/de\/moze-brexit-dopad-prostredie\/","og_site_name":"Concerto Plus","og_image":[{"width":850,"height":478,"url":"https:\/\/www.concertoplus.eu\/wp-content\/uploads\/2017\/08\/brex.jpg","type":"image\/jpeg"}],"twitter_card":"summary_large_image","twitter_misc":{"Gesch\u00e4tzte Lesezeit":"2\u00a0Minuten"},"schema":{"@context":"https:\/\/schema.org","@graph":[{"@type":"WebPage","@id":"https:\/\/www.concertoplus.eu\/sk\/moze-brexit-dopad-prostredie\/","url":"https:\/\/www.concertoplus.eu\/sk\/moze-brexit-dopad-prostredie\/","name":"How Might Brexit Impact the Environment? - Concerto Plus","isPartOf":{"@id":"https:\/\/www.concertoplus.eu\/sk\/#website"},"primaryImageOfPage":{"@id":"https:\/\/www.concertoplus.eu\/sk\/moze-brexit-dopad-prostredie\/#primaryimage"},"image":{"@id":"https:\/\/www.concertoplus.eu\/sk\/moze-brexit-dopad-prostredie\/#primaryimage"},"thumbnailUrl":"https:\/\/www.concertoplus.eu\/wp-content\/uploads\/2017\/08\/brex.jpg","datePublished":"2017-08-24T20:03:06+00:00","breadcrumb":{"@id":"https:\/\/www.concertoplus.eu\/sk\/moze-brexit-dopad-prostredie\/#breadcrumb"},"inLanguage":"de","potentialAction":[{"@type":"ReadAction","target":["https:\/\/www.concertoplus.eu\/sk\/moze-brexit-dopad-prostredie\/"]}]},{"@type":"ImageObject","inLanguage":"de","@id":"https:\/\/www.concertoplus.eu\/sk\/moze-brexit-dopad-prostredie\/#primaryimage","url":"https:\/\/www.concertoplus.eu\/wp-content\/uploads\/2017\/08\/brex.jpg","contentUrl":"https:\/\/www.concertoplus.eu\/wp-content\/uploads\/2017\/08\/brex.jpg"},{"@type":"BreadcrumbList","@id":"https:\/\/www.concertoplus.eu\/sk\/moze-brexit-dopad-prostredie\/#breadcrumb","itemListElement":[{"@type":"ListItem","position":1,"name":"Home","item":"https:\/\/www.concertoplus.eu\/"},{"@type":"ListItem","position":2,"name":"How Might Brexit Impact the Environment?"}]},{"@type":"WebSite","@id":"https:\/\/www.concertoplus.eu\/sk\/#website","url":"https:\/\/www.concertoplus.eu\/sk\/","name":"Concerto Plus","description":"","potentialAction":[{"@type":"SearchAction","target":{"@type":"EntryPoint","urlTemplate":"https:\/\/www.concertoplus.eu\/sk\/?s={search_term_string}"},"query-input":{"@type":"PropertyValueSpecification","valueRequired":true,"valueName":"search_term_string"}}],"inLanguage":"de"}]}},"_links":{"self":[{"href":"https:\/\/www.concertoplus.eu\/de\/wp-json\/wp\/v2\/pages\/406","targetHints":{"allow":["GET"]}}],"collection":[{"href":"https:\/\/www.concertoplus.eu\/de\/wp-json\/wp\/v2\/pages"}],"about":[{"href":"https:\/\/www.concertoplus.eu\/de\/wp-json\/wp\/v2\/types\/page"}],"author":[{"embeddable":true,"href":"https:\/\/www.concertoplus.eu\/de\/wp-json\/wp\/v2\/users\/1"}],"replies":[{"embeddable":true,"href":"https:\/\/www.concertoplus.eu\/de\/wp-json\/wp\/v2\/comments?post=406"}],"version-history":[{"count":0,"href":"https:\/\/www.concertoplus.eu\/de\/wp-json\/wp\/v2\/pages\/406\/revisions"}],"wp:attachment":[{"href":"https:\/\/www.concertoplus.eu\/de\/wp-json\/wp\/v2\/media?parent=406"}],"curies":[{"name":"wp","href":"https:\/\/api.w.org\/{rel}","templated":true}]}}