{"id":97,"date":"2015-09-23T15:14:57","date_gmt":"2015-09-23T15:14:57","guid":{"rendered":"http:\/\/www.concertoplus.eu\/?page_id=97"},"modified":"2015-09-23T15:15:41","modified_gmt":"2015-09-23T15:15:41","slug":"motivator","status":"publish","type":"page","link":"https:\/\/www.concertoplus.eu\/de\/einfuhrung\/motivator\/","title":{"rendered":"Motivator"},"content":{"rendered":"<p><strong>CONCERTO fungiert als Motivator und treibende Kraft im Bereich <a href=\"https:\/\/en.wikipedia.org\/wiki\/Renewable_energy\">erneuerbare Energien<\/a> durch den Nachweis, dass erneuerbare Energien in einer Vielzahl von Anwendungen implementiert werden k\u00f6nnen. <\/strong><\/p>\n<p><strong>CONCERTO bietet das Know-how eines europaweiten Netzwerks, das den Wissenstransfer erleichtert. <\/strong><\/p>\n<p><strong>CONCERTO ermutigt die Bauindustrie, in nachhaltige L\u00f6sungen und wirtschaftlich tragf\u00e4hige Technologien zu investieren. <\/strong><\/p>\n<p><strong>CONCERTO gibt der regionalen Entwicklung neue Impulse und f\u00f6rdert die l\u00e4nder\u00fcbergreifende Zusammenarbeit zwischen l\u00e4ndlichen und st\u00e4dtischen Gebieten, die neue M\u00e4rkte f\u00fcr erneuerbare Energien erschlie\u00dfen.<\/strong><\/p>\n<p><strong>CONCERTO setzt h\u00f6here Leistungsstandards f\u00fcr Energieeffizienz und Integration von erneuerbaren Energien und treibt damit verbesserte Standards und Vorschriften auf europ\u00e4ischer, nationaler und lokaler Ebene voran.<\/strong><\/p>\n<p style=\"text-align: center;\"><img loading=\"lazy\" decoding=\"async\" class=\"aligncenter size-full wp-image-98\" src=\"http:\/\/www.concertoplus.eu\/wp-content\/uploads\/2015\/09\/green_energy_truthout.jpg\" alt=\"gr\u00fcne Energie\" width=\"668\" height=\"273\" srcset=\"https:\/\/www.concertoplus.eu\/wp-content\/uploads\/2015\/09\/green_energy_truthout.jpg 668w, https:\/\/www.concertoplus.eu\/wp-content\/uploads\/2015\/09\/green_energy_truthout-300x123.jpg 300w\" sizes=\"auto, (max-width: 668px) 100vw, 668px\" \/><\/p>","protected":false},"excerpt":{"rendered":"<p>CONCERTO acts as a motivator and driving force in the field of renewable energies by demonstrating that renewables can be implemented in a wide range of applications. CONCERTO offers the expertise of a European-wide network that facilitates knowledge transfer. CONCERTO encourages the building industry to invest in sustainable solutions and economically viable technologies. CONCERTO gives [&hellip;]<\/p>","protected":false},"author":1,"featured_media":0,"parent":50,"menu_order":0,"comment_status":"closed","ping_status":"closed","template":"","meta":{"footnotes":""},"class_list":["post-97","page","type-page","status-publish","hentry"],"yoast_head":"<!-- This site is optimized with the Yoast SEO plugin v25.3.1 - https:\/\/yoast.com\/wordpress\/plugins\/seo\/ -->\n<title>Motivator - Concerto Plus<\/title>\n<meta name=\"description\" content=\"CONCERTO acts as a motivator and driving force in the field of renewable energies by demonstrating that renewables\" \/>\n<meta name=\"robots\" content=\"index, follow, max-snippet:-1, max-image-preview:large, max-video-preview:-1\" \/>\n<link rel=\"canonical\" href=\"https:\/\/www.concertoplus.eu\/de\/uvod\/motivator\/\" \/>\n<meta property=\"og:locale\" content=\"de_DE\" \/>\n<meta property=\"og:type\" content=\"article\" \/>\n<meta property=\"og:title\" content=\"Motivator - Concerto Plus\" \/>\n<meta property=\"og:description\" content=\"CONCERTO acts as a motivator and driving force in the field of renewable energies by demonstrating that renewables\" \/>\n<meta property=\"og:url\" content=\"https:\/\/www.concertoplus.eu\/de\/uvod\/motivator\/\" \/>\n<meta property=\"og:site_name\" content=\"Concerto Plus\" \/>\n<meta property=\"article:modified_time\" content=\"2015-09-23T15:15:41+00:00\" \/>\n<meta property=\"og:image\" content=\"https:\/\/www.concertoplus.eu\/wp-content\/uploads\/2015\/09\/green_energy_truthout.jpg\" \/>\n\t<meta property=\"og:image:width\" content=\"668\" \/>\n\t<meta property=\"og:image:height\" content=\"273\" \/>\n\t<meta property=\"og:image:type\" content=\"image\/jpeg\" \/>\n<meta name=\"twitter:card\" content=\"summary_large_image\" \/>\n<meta name=\"twitter:label1\" content=\"Gesch\u00e4tzte Lesezeit\" \/>\n\t<meta name=\"twitter:data1\" content=\"1\u00a0Minute\" \/>\n<script type=\"application\/ld+json\" class=\"yoast-schema-graph\">{\"@context\":\"https:\/\/schema.org\",\"@graph\":[{\"@type\":\"WebPage\",\"@id\":\"https:\/\/www.concertoplus.eu\/sk\/uvod\/motivator\/\",\"url\":\"https:\/\/www.concertoplus.eu\/sk\/uvod\/motivator\/\",\"name\":\"Motivator - Concerto Plus\",\"isPartOf\":{\"@id\":\"https:\/\/www.concertoplus.eu\/sk\/#website\"},\"primaryImageOfPage\":{\"@id\":\"https:\/\/www.concertoplus.eu\/sk\/uvod\/motivator\/#primaryimage\"},\"image\":{\"@id\":\"https:\/\/www.concertoplus.eu\/sk\/uvod\/motivator\/#primaryimage\"},\"thumbnailUrl\":\"http:\/\/www.concertoplus.eu\/wp-content\/uploads\/2015\/09\/green_energy_truthout.jpg\",\"datePublished\":\"2015-09-23T15:14:57+00:00\",\"dateModified\":\"2015-09-23T15:15:41+00:00\",\"description\":\"CONCERTO acts as a motivator and driving force in the field of renewable energies by demonstrating that renewables\",\"breadcrumb\":{\"@id\":\"https:\/\/www.concertoplus.eu\/sk\/uvod\/motivator\/#breadcrumb\"},\"inLanguage\":\"de\",\"potentialAction\":[{\"@type\":\"ReadAction\",\"target\":[\"https:\/\/www.concertoplus.eu\/sk\/uvod\/motivator\/\"]}]},{\"@type\":\"ImageObject\",\"inLanguage\":\"de\",\"@id\":\"https:\/\/www.concertoplus.eu\/sk\/uvod\/motivator\/#primaryimage\",\"url\":\"http:\/\/www.concertoplus.eu\/wp-content\/uploads\/2015\/09\/green_energy_truthout.jpg\",\"contentUrl\":\"http:\/\/www.concertoplus.eu\/wp-content\/uploads\/2015\/09\/green_energy_truthout.jpg\"},{\"@type\":\"BreadcrumbList\",\"@id\":\"https:\/\/www.concertoplus.eu\/sk\/uvod\/motivator\/#breadcrumb\",\"itemListElement\":[{\"@type\":\"ListItem\",\"position\":1,\"name\":\"Home\",\"item\":\"https:\/\/www.concertoplus.eu\/\"},{\"@type\":\"ListItem\",\"position\":2,\"name\":\"Introduction\",\"item\":\"https:\/\/www.concertoplus.eu\/sk\/uvod\/\"},{\"@type\":\"ListItem\",\"position\":3,\"name\":\"Motivator\"}]},{\"@type\":\"WebSite\",\"@id\":\"https:\/\/www.concertoplus.eu\/sk\/#website\",\"url\":\"https:\/\/www.concertoplus.eu\/sk\/\",\"name\":\"Concerto Plus\",\"description\":\"\",\"potentialAction\":[{\"@type\":\"SearchAction\",\"target\":{\"@type\":\"EntryPoint\",\"urlTemplate\":\"https:\/\/www.concertoplus.eu\/sk\/?s={search_term_string}\"},\"query-input\":{\"@type\":\"PropertyValueSpecification\",\"valueRequired\":true,\"valueName\":\"search_term_string\"}}],\"inLanguage\":\"de\"}]}<\/script>\n<!-- \/ Yoast SEO plugin. -->","yoast_head_json":{"title":"Motivator - Concerto Plus","description":"CONCERTO acts as a motivator and driving force in the field of renewable energies by demonstrating that renewables","robots":{"index":"index","follow":"follow","max-snippet":"max-snippet:-1","max-image-preview":"max-image-preview:large","max-video-preview":"max-video-preview:-1"},"canonical":"https:\/\/www.concertoplus.eu\/de\/uvod\/motivator\/","og_locale":"de_DE","og_type":"article","og_title":"Motivator - Concerto Plus","og_description":"CONCERTO acts as a motivator and driving force in the field of renewable energies by demonstrating that renewables","og_url":"https:\/\/www.concertoplus.eu\/de\/uvod\/motivator\/","og_site_name":"Concerto Plus","article_modified_time":"2015-09-23T15:15:41+00:00","og_image":[{"width":668,"height":273,"url":"https:\/\/www.concertoplus.eu\/wp-content\/uploads\/2015\/09\/green_energy_truthout.jpg","type":"image\/jpeg"}],"twitter_card":"summary_large_image","twitter_misc":{"Gesch\u00e4tzte Lesezeit":"1\u00a0Minute"},"schema":{"@context":"https:\/\/schema.org","@graph":[{"@type":"WebPage","@id":"https:\/\/www.concertoplus.eu\/sk\/uvod\/motivator\/","url":"https:\/\/www.concertoplus.eu\/sk\/uvod\/motivator\/","name":"Motivator - Concerto Plus","isPartOf":{"@id":"https:\/\/www.concertoplus.eu\/sk\/#website"},"primaryImageOfPage":{"@id":"https:\/\/www.concertoplus.eu\/sk\/uvod\/motivator\/#primaryimage"},"image":{"@id":"https:\/\/www.concertoplus.eu\/sk\/uvod\/motivator\/#primaryimage"},"thumbnailUrl":"http:\/\/www.concertoplus.eu\/wp-content\/uploads\/2015\/09\/green_energy_truthout.jpg","datePublished":"2015-09-23T15:14:57+00:00","dateModified":"2015-09-23T15:15:41+00:00","description":"CONCERTO acts as a motivator and driving force in the field of renewable energies by demonstrating that renewables","breadcrumb":{"@id":"https:\/\/www.concertoplus.eu\/sk\/uvod\/motivator\/#breadcrumb"},"inLanguage":"de","potentialAction":[{"@type":"ReadAction","target":["https:\/\/www.concertoplus.eu\/sk\/uvod\/motivator\/"]}]},{"@type":"ImageObject","inLanguage":"de","@id":"https:\/\/www.concertoplus.eu\/sk\/uvod\/motivator\/#primaryimage","url":"http:\/\/www.concertoplus.eu\/wp-content\/uploads\/2015\/09\/green_energy_truthout.jpg","contentUrl":"http:\/\/www.concertoplus.eu\/wp-content\/uploads\/2015\/09\/green_energy_truthout.jpg"},{"@type":"BreadcrumbList","@id":"https:\/\/www.concertoplus.eu\/sk\/uvod\/motivator\/#breadcrumb","itemListElement":[{"@type":"ListItem","position":1,"name":"Home","item":"https:\/\/www.concertoplus.eu\/"},{"@type":"ListItem","position":2,"name":"Introduction","item":"https:\/\/www.concertoplus.eu\/sk\/uvod\/"},{"@type":"ListItem","position":3,"name":"Motivator"}]},{"@type":"WebSite","@id":"https:\/\/www.concertoplus.eu\/sk\/#website","url":"https:\/\/www.concertoplus.eu\/sk\/","name":"Concerto Plus","description":"","potentialAction":[{"@type":"SearchAction","target":{"@type":"EntryPoint","urlTemplate":"https:\/\/www.concertoplus.eu\/sk\/?s={search_term_string}"},"query-input":{"@type":"PropertyValueSpecification","valueRequired":true,"valueName":"search_term_string"}}],"inLanguage":"de"}]}},"_links":{"self":[{"href":"https:\/\/www.concertoplus.eu\/de\/wp-json\/wp\/v2\/pages\/97","targetHints":{"allow":["GET"]}}],"collection":[{"href":"https:\/\/www.concertoplus.eu\/de\/wp-json\/wp\/v2\/pages"}],"about":[{"href":"https:\/\/www.concertoplus.eu\/de\/wp-json\/wp\/v2\/types\/page"}],"author":[{"embeddable":true,"href":"https:\/\/www.concertoplus.eu\/de\/wp-json\/wp\/v2\/users\/1"}],"replies":[{"embeddable":true,"href":"https:\/\/www.concertoplus.eu\/de\/wp-json\/wp\/v2\/comments?post=97"}],"version-history":[{"count":0,"href":"https:\/\/www.concertoplus.eu\/de\/wp-json\/wp\/v2\/pages\/97\/revisions"}],"up":[{"embeddable":true,"href":"https:\/\/www.concertoplus.eu\/de\/wp-json\/wp\/v2\/pages\/50"}],"wp:attachment":[{"href":"https:\/\/www.concertoplus.eu\/de\/wp-json\/wp\/v2\/media?parent=97"}],"curies":[{"name":"wp","href":"https:\/\/api.w.org\/{rel}","templated":true}]}}