{"id":110,"date":"2015-09-23T15:30:27","date_gmt":"2015-09-23T15:30:27","guid":{"rendered":"http:\/\/www.concertoplus.eu\/?page_id=110"},"modified":"2015-09-29T11:11:41","modified_gmt":"2015-09-29T11:11:41","slug":"district-zuidbroek","status":"publish","type":"page","link":"https:\/\/www.concertoplus.eu\/sk\/redukcia-co2\/okres-zuidbroek\/","title":{"rendered":"Okres Zuidbroek"},"content":{"rendered":"<p><strong>Obec Apeldoorn le\u017e\u00ed v Holandsku na v\u00fdchod od Amsterdamu a stanovila si ambici\u00f3zny cie\u013e sta\u0165 sa do roku 2020 uhl\u00edkovo neutr\u00e1lnym. S podporou projektu CONCERTO podnikla prv\u00e9 kroky k realiz\u00e1cii tohto cie\u013ea v modeli \u0161tvrti Zuidbroek a postavili nov\u00e9 s\u00eddlisko, ktor\u00e9 bolo postaven\u00e9 pod\u013ea najvy\u0161\u0161\u00edch energetick\u00fdch \u0161tandardov<\/strong>.<\/p>\n<p><img loading=\"lazy\" decoding=\"async\" class=\"aligncenter size-full wp-image-111\" src=\"http:\/\/www.concertoplus.eu\/wp-content\/uploads\/2015\/09\/aa-min.jpg\" alt=\"okres Zuidbroek\" width=\"663\" height=\"219\" srcset=\"https:\/\/www.concertoplus.eu\/wp-content\/uploads\/2015\/09\/aa-min.jpg 663w, https:\/\/www.concertoplus.eu\/wp-content\/uploads\/2015\/09\/aa-min-300x99.jpg 300w\" sizes=\"auto, (max-width: 663px) 100vw, 663px\" \/><\/p>\n<p>Zuidbroek je \u0161tvr\u0165, kde m\u00f4\u017eu \u013eudia \u017ei\u0165 a pracova\u0165 a kde hr\u00e1 d\u00f4le\u017eit\u00fa \u00falohu ot\u00e1zka energie, vody a zelenej krajiny. V pl\u00e1ne bolo, aby Zuidbroek ubytoval nov\u00e9 domy, roz\u0161\u00edril obchodn\u00fd park o 25 000 m\u00b2 a vytvoril miestny park s rozlohou asi 30 hekt\u00e1rov. Pri v\u00fdstavbe novej oblasti Apeldoorn zav\u00e1dza do praxe vieru, \u017ee dobr\u00e9 pl\u00e1novanie, ktor\u00e9 zoh\u013ead\u0148uje v\u0161etky k\u013e\u00fa\u010dov\u00e9 zainteresovan\u00e9 strany, hr\u00e1 \u00fastredn\u00fa \u00falohu pri rozvoji \u00faspe\u0161n\u00e9ho a udr\u017eate\u013en\u00e9ho spolo\u010denstva.<\/p>\n<p>Za \u00fa\u010delom dosiahnutia cie\u013ea \u201eZuidbroek Energy Neutral\u201c, obec Apeldoorn zorganizovala osvetov\u00e9 kampane zameran\u00e9 na obyvate\u013eov, miestne podniky a zainteresovan\u00e9 strany, ako aj na v\u00fdrobcov a dod\u00e1vate\u013eov energeticky efekt\u00edvnych v\u00fdrobkov a slu\u017eieb.<\/p>\n<p>V\u00fdsledky s\u00fa hmatate\u013en\u00e9 a n\u00e1pady na \u00fasporu energie. Na zv\u00fd\u0161enie energetickej \u00fa\u010dinnosti sa prijali opatrenia v r\u00f4znych oblastiach, napr\u00edklad zatep\u013eovanie domov. A <a href=\"https:\/\/en.wikipedia.org\/wiki\/Biomass\">z\u00e1vod na biomasu<\/a> (digestor a <a href=\"http:\/\/www.osti.gov\/scitech\/biblio\/5433836\">Kombinovan\u00e1 v\u00fdroba tepla a energie <\/a>(CHP) boli nain\u0161talovan\u00e9 na premenu spla\u0161kov\u00fdch kalov na energiu. Celkom 800 domov bolo pripojen\u00fdch k sieti dia\u013ekov\u00e9ho vykurovania a teraz maj\u00fa energetick\u00fa hospod\u00e1rnos\u0165, ktor\u00e1 prekra\u010duje nov\u00e9 stavebn\u00e9 predpisy o 20 %. Bola zriaden\u00e1 webov\u00e1 str\u00e1nka s inform\u00e1ciami o spotrebe energie a inteligentn\u00e9 meranie tepla v nov\u00fdch domoch poskytuje obyvate\u013eom podrobn\u00e9 inform\u00e1cie o spotrebe energie v re\u00e1lnom \u010dase. V\u00fdsledkom projektu bolo zn\u00ed\u017eenie dopytu po fos\u00edlnych paliv\u00e1ch o 80 % vzh\u013eadom na holandsk\u00fa referen\u010dn\u00fa situ\u00e1ciu.<\/p>","protected":false},"excerpt":{"rendered":"<p>The municipality of Apeldoorn is situated in the Netherlands, to the east of Amsterdam, and has set itself the ambitious target of becoming carbon neutral by 2020. With the support of the CONCERTO project, it took its first steps towards realising this goal in the model district of Zuidbroek and constructed a new housing estate [&hellip;]<\/p>","protected":false},"author":1,"featured_media":0,"parent":102,"menu_order":0,"comment_status":"closed","ping_status":"closed","template":"","meta":{"footnotes":""},"class_list":["post-110","page","type-page","status-publish","hentry"],"yoast_head":"<!-- This site is optimized with the Yoast SEO plugin v25.3.1 - https:\/\/yoast.com\/wordpress\/plugins\/seo\/ -->\n<title>District Zuidbroek - Concerto Plus<\/title>\n<meta name=\"description\" content=\"The municipality of Apeldoorn is situated in the Netherlands, to the east of Amsterdam, and has set itself the ambitious target of becoming carbon neutral by 2020\" \/>\n<meta name=\"robots\" content=\"index, follow, max-snippet:-1, max-image-preview:large, max-video-preview:-1\" \/>\n<link rel=\"canonical\" href=\"https:\/\/www.concertoplus.eu\/sk\/redukcia-co2\/okres-zuidbroek\/\" \/>\n<meta property=\"og:locale\" content=\"sk_SK\" \/>\n<meta property=\"og:type\" content=\"article\" \/>\n<meta property=\"og:title\" content=\"District Zuidbroek - Concerto Plus\" \/>\n<meta property=\"og:description\" content=\"The municipality of Apeldoorn is situated in the Netherlands, to the east of Amsterdam, and has set itself the ambitious target of becoming carbon neutral by 2020\" \/>\n<meta property=\"og:url\" content=\"https:\/\/www.concertoplus.eu\/sk\/redukcia-co2\/okres-zuidbroek\/\" \/>\n<meta property=\"og:site_name\" content=\"Concerto Plus\" \/>\n<meta property=\"article:modified_time\" content=\"2015-09-29T11:11:41+00:00\" \/>\n<meta property=\"og:image\" content=\"https:\/\/www.concertoplus.eu\/wp-content\/uploads\/2015\/09\/aa-min.jpg\" \/>\n\t<meta property=\"og:image:width\" content=\"663\" \/>\n\t<meta property=\"og:image:height\" content=\"219\" \/>\n\t<meta property=\"og:image:type\" content=\"image\/jpeg\" \/>\n<meta name=\"twitter:card\" content=\"summary_large_image\" \/>\n<meta name=\"twitter:label1\" content=\"Predpokladan\u00fd \u010das \u010d\u00edtania\" \/>\n\t<meta name=\"twitter:data1\" content=\"1 min\u00fata\" \/>\n<script type=\"application\/ld+json\" class=\"yoast-schema-graph\">{\"@context\":\"https:\/\/schema.org\",\"@graph\":[{\"@type\":\"WebPage\",\"@id\":\"https:\/\/www.concertoplus.eu\/sk\/redukcia-co2\/okres-zuidbroek\/\",\"url\":\"https:\/\/www.concertoplus.eu\/sk\/redukcia-co2\/okres-zuidbroek\/\",\"name\":\"District Zuidbroek - Concerto Plus\",\"isPartOf\":{\"@id\":\"https:\/\/www.concertoplus.eu\/sk\/#website\"},\"primaryImageOfPage\":{\"@id\":\"https:\/\/www.concertoplus.eu\/sk\/redukcia-co2\/okres-zuidbroek\/#primaryimage\"},\"image\":{\"@id\":\"https:\/\/www.concertoplus.eu\/sk\/redukcia-co2\/okres-zuidbroek\/#primaryimage\"},\"thumbnailUrl\":\"http:\/\/www.concertoplus.eu\/wp-content\/uploads\/2015\/09\/aa-min.jpg\",\"datePublished\":\"2015-09-23T15:30:27+00:00\",\"dateModified\":\"2015-09-29T11:11:41+00:00\",\"description\":\"The municipality of Apeldoorn is situated in the Netherlands, to the east of Amsterdam, and has set itself the ambitious target of becoming carbon neutral by 2020\",\"breadcrumb\":{\"@id\":\"https:\/\/www.concertoplus.eu\/sk\/redukcia-co2\/okres-zuidbroek\/#breadcrumb\"},\"inLanguage\":\"sk-SK\",\"potentialAction\":[{\"@type\":\"ReadAction\",\"target\":[\"https:\/\/www.concertoplus.eu\/sk\/redukcia-co2\/okres-zuidbroek\/\"]}]},{\"@type\":\"ImageObject\",\"inLanguage\":\"sk-SK\",\"@id\":\"https:\/\/www.concertoplus.eu\/sk\/redukcia-co2\/okres-zuidbroek\/#primaryimage\",\"url\":\"http:\/\/www.concertoplus.eu\/wp-content\/uploads\/2015\/09\/aa-min.jpg\",\"contentUrl\":\"http:\/\/www.concertoplus.eu\/wp-content\/uploads\/2015\/09\/aa-min.jpg\"},{\"@type\":\"BreadcrumbList\",\"@id\":\"https:\/\/www.concertoplus.eu\/sk\/redukcia-co2\/okres-zuidbroek\/#breadcrumb\",\"itemListElement\":[{\"@type\":\"ListItem\",\"position\":1,\"name\":\"Home\",\"item\":\"https:\/\/www.concertoplus.eu\/\"},{\"@type\":\"ListItem\",\"position\":2,\"name\":\"Reducing CO2\",\"item\":\"https:\/\/www.concertoplus.eu\/sk\/redukcia-co2\/\"},{\"@type\":\"ListItem\",\"position\":3,\"name\":\"District Zuidbroek\"}]},{\"@type\":\"WebSite\",\"@id\":\"https:\/\/www.concertoplus.eu\/sk\/#website\",\"url\":\"https:\/\/www.concertoplus.eu\/sk\/\",\"name\":\"Concerto Plus\",\"description\":\"\",\"potentialAction\":[{\"@type\":\"SearchAction\",\"target\":{\"@type\":\"EntryPoint\",\"urlTemplate\":\"https:\/\/www.concertoplus.eu\/sk\/?s={search_term_string}\"},\"query-input\":{\"@type\":\"PropertyValueSpecification\",\"valueRequired\":true,\"valueName\":\"search_term_string\"}}],\"inLanguage\":\"sk-SK\"}]}<\/script>\n<!-- \/ Yoast SEO plugin. -->","yoast_head_json":{"title":"District Zuidbroek - Concerto Plus","description":"The municipality of Apeldoorn is situated in the Netherlands, to the east of Amsterdam, and has set itself the ambitious target of becoming carbon neutral by 2020","robots":{"index":"index","follow":"follow","max-snippet":"max-snippet:-1","max-image-preview":"max-image-preview:large","max-video-preview":"max-video-preview:-1"},"canonical":"https:\/\/www.concertoplus.eu\/sk\/redukcia-co2\/okres-zuidbroek\/","og_locale":"sk_SK","og_type":"article","og_title":"District Zuidbroek - Concerto Plus","og_description":"The municipality of Apeldoorn is situated in the Netherlands, to the east of Amsterdam, and has set itself the ambitious target of becoming carbon neutral by 2020","og_url":"https:\/\/www.concertoplus.eu\/sk\/redukcia-co2\/okres-zuidbroek\/","og_site_name":"Concerto Plus","article_modified_time":"2015-09-29T11:11:41+00:00","og_image":[{"width":663,"height":219,"url":"https:\/\/www.concertoplus.eu\/wp-content\/uploads\/2015\/09\/aa-min.jpg","type":"image\/jpeg"}],"twitter_card":"summary_large_image","twitter_misc":{"Predpokladan\u00fd \u010das \u010d\u00edtania":"1 min\u00fata"},"schema":{"@context":"https:\/\/schema.org","@graph":[{"@type":"WebPage","@id":"https:\/\/www.concertoplus.eu\/sk\/redukcia-co2\/okres-zuidbroek\/","url":"https:\/\/www.concertoplus.eu\/sk\/redukcia-co2\/okres-zuidbroek\/","name":"District Zuidbroek - Concerto Plus","isPartOf":{"@id":"https:\/\/www.concertoplus.eu\/sk\/#website"},"primaryImageOfPage":{"@id":"https:\/\/www.concertoplus.eu\/sk\/redukcia-co2\/okres-zuidbroek\/#primaryimage"},"image":{"@id":"https:\/\/www.concertoplus.eu\/sk\/redukcia-co2\/okres-zuidbroek\/#primaryimage"},"thumbnailUrl":"http:\/\/www.concertoplus.eu\/wp-content\/uploads\/2015\/09\/aa-min.jpg","datePublished":"2015-09-23T15:30:27+00:00","dateModified":"2015-09-29T11:11:41+00:00","description":"The municipality of Apeldoorn is situated in the Netherlands, to the east of Amsterdam, and has set itself the ambitious target of becoming carbon neutral by 2020","breadcrumb":{"@id":"https:\/\/www.concertoplus.eu\/sk\/redukcia-co2\/okres-zuidbroek\/#breadcrumb"},"inLanguage":"sk-SK","potentialAction":[{"@type":"ReadAction","target":["https:\/\/www.concertoplus.eu\/sk\/redukcia-co2\/okres-zuidbroek\/"]}]},{"@type":"ImageObject","inLanguage":"sk-SK","@id":"https:\/\/www.concertoplus.eu\/sk\/redukcia-co2\/okres-zuidbroek\/#primaryimage","url":"http:\/\/www.concertoplus.eu\/wp-content\/uploads\/2015\/09\/aa-min.jpg","contentUrl":"http:\/\/www.concertoplus.eu\/wp-content\/uploads\/2015\/09\/aa-min.jpg"},{"@type":"BreadcrumbList","@id":"https:\/\/www.concertoplus.eu\/sk\/redukcia-co2\/okres-zuidbroek\/#breadcrumb","itemListElement":[{"@type":"ListItem","position":1,"name":"Home","item":"https:\/\/www.concertoplus.eu\/"},{"@type":"ListItem","position":2,"name":"Reducing CO2","item":"https:\/\/www.concertoplus.eu\/sk\/redukcia-co2\/"},{"@type":"ListItem","position":3,"name":"District Zuidbroek"}]},{"@type":"WebSite","@id":"https:\/\/www.concertoplus.eu\/sk\/#website","url":"https:\/\/www.concertoplus.eu\/sk\/","name":"Concerto Plus","description":"","potentialAction":[{"@type":"SearchAction","target":{"@type":"EntryPoint","urlTemplate":"https:\/\/www.concertoplus.eu\/sk\/?s={search_term_string}"},"query-input":{"@type":"PropertyValueSpecification","valueRequired":true,"valueName":"search_term_string"}}],"inLanguage":"sk-SK"}]}},"_links":{"self":[{"href":"https:\/\/www.concertoplus.eu\/sk\/wp-json\/wp\/v2\/pages\/110","targetHints":{"allow":["GET"]}}],"collection":[{"href":"https:\/\/www.concertoplus.eu\/sk\/wp-json\/wp\/v2\/pages"}],"about":[{"href":"https:\/\/www.concertoplus.eu\/sk\/wp-json\/wp\/v2\/types\/page"}],"author":[{"embeddable":true,"href":"https:\/\/www.concertoplus.eu\/sk\/wp-json\/wp\/v2\/users\/1"}],"replies":[{"embeddable":true,"href":"https:\/\/www.concertoplus.eu\/sk\/wp-json\/wp\/v2\/comments?post=110"}],"version-history":[{"count":0,"href":"https:\/\/www.concertoplus.eu\/sk\/wp-json\/wp\/v2\/pages\/110\/revisions"}],"up":[{"embeddable":true,"href":"https:\/\/www.concertoplus.eu\/sk\/wp-json\/wp\/v2\/pages\/102"}],"wp:attachment":[{"href":"https:\/\/www.concertoplus.eu\/sk\/wp-json\/wp\/v2\/media?parent=110"}],"curies":[{"name":"wp","href":"https:\/\/api.w.org\/{rel}","templated":true}]}}