{"id":50,"date":"2015-09-23T11:57:21","date_gmt":"2015-09-23T11:57:21","guid":{"rendered":"http:\/\/www.concertoplus.eu\/?page_id=50"},"modified":"2015-09-23T12:07:44","modified_gmt":"2015-09-23T12:07:44","slug":"introduction","status":"publish","type":"page","link":"https:\/\/www.concertoplus.eu\/sk\/uvod\/","title":{"rendered":"\u00davod"},"content":{"rendered":"<p><strong>CONCERTO je iniciat\u00edva Eur\u00f3pskej \u00fanie v r\u00e1mci Eur\u00f3pskeho r\u00e1mcov\u00e9ho programu pre v\u00fdskum (6. RP a 7. RP). Budovy tvoria 40 % z celkovej spotreby energie v \u00danii, 33 % emisi\u00ed CO2 a 70 % spotreby energie E\u00da. Podobn\u00fd podiel emisi\u00ed sklen\u00edkov\u00fdch plynov sa vyskytuje v mest\u00e1ch s obrovsk\u00fdm nevyu\u017eit\u00fdm potenci\u00e1lom n\u00e1kladovo efekt\u00edvnych \u00faspor energie. <\/strong><\/p>\n<p>V reakcii na tieto skuto\u010dnosti si CONCERTO kladie za cie\u013e preuk\u00e1za\u0165, \u017ee energetick\u00e1 optimaliz\u00e1cia okresov a komun\u00edt ako celku je n\u00e1kladovo efekt\u00edvnej\u0161ia ako optimaliz\u00e1cia ka\u017edej budovy osobitne. To sa d\u00e1 dosiahnu\u0165, ak v\u0161etky pr\u00edslu\u0161n\u00e9 zainteresovan\u00e9 strany spolupracuj\u00fa a inteligentn\u00fdm sp\u00f4sobom integruj\u00fa r\u00f4zne energetick\u00e9 technol\u00f3gie. Iniciat\u00edva E\u00da v r\u00e1mci Gener\u00e1lneho riadite\u013estva pre energetiku Eur\u00f3pskej komisie sa za\u010dala v roku 2005 a bola spolufinancovan\u00e1 z viac ako 175,5 mili\u00f3na EUR 58 mestami a komunitami v 22 projektoch v 23 krajin\u00e1ch.<\/p>\n<p style=\"text-align: center;\"><img loading=\"lazy\" decoding=\"async\" class=\"alignnone size-full wp-image-55\" src=\"http:\/\/www.concertoplus.eu\/wp-content\/uploads\/2015\/09\/image2.jpg\" alt=\"obr\u00e1zok\" width=\"818\" height=\"230\" srcset=\"https:\/\/www.concertoplus.eu\/wp-content\/uploads\/2015\/09\/image2.jpg 818w, https:\/\/www.concertoplus.eu\/wp-content\/uploads\/2015\/09\/image2-300x84.jpg 300w\" sizes=\"auto, (max-width: 818px) 100vw, 818px\" \/><\/p>\n<p style=\"text-align: left;\"><strong>CONCERTO je m\u00ed\u013enikom smerom k cie\u013eom E\u00da do roku 2020: <\/strong><\/p>\n<ul>\n<li style=\"text-align: left;\">20 Zlep\u0161enie energetickej \u00fa\u010dinnosti %<\/li>\n<li style=\"text-align: left;\">20 % podiel obnovite\u013enej energie<\/li>\n<li style=\"text-align: left;\">20 Zn\u00ed\u017eenie emisi\u00ed sklen\u00edkov\u00fdch plynov %<\/li>\n<\/ul>\n<p style=\"text-align: left;\">\u00a0<\/p>\n<p style=\"text-align: left;\"><strong>58 miest a spolo\u010denstiev je vzorom a pon\u00faka inovat\u00edvne pr\u00edstupy pre: <\/strong><\/p>\n<ul>\n<li style=\"text-align: left;\">opatrenia na zv\u00fd\u0161enie energetickej \u00fa\u010dinnosti<\/li>\n<li style=\"text-align: left;\">vyu\u017e\u00edvanie obnovite\u013en\u00fdch zdrojov energie a inovat\u00edvnych technol\u00f3gi\u00ed (OZE)<\/li>\n<li style=\"text-align: left;\">udr\u017eate\u013en\u00e9ho budovania a rozvoja okresov<\/li>\n<li style=\"text-align: left;\">renov\u00e1cia budov<\/li>\n<li style=\"text-align: left;\">energetick\u00e1 transparentnos\u0165 pre ob\u010danov<\/li>\n<li style=\"text-align: left;\">integrovan\u00fd pr\u00edstup rie\u0161en\u00ed\u00a0<\/li>\n<\/ul>","protected":false},"excerpt":{"rendered":"<p>CONCERTO is a European Union initiative within the European Research Framework Programme (FP6 and FP7). Buildings account for 40 % of the total energy consumption in the Union, for 33 % of CO2 emissions and 70 % of the EU&#8217;s energy consumption. A similar share of greenhouse gas emission takes place in cities, with a [&hellip;]<\/p>","protected":false},"author":1,"featured_media":0,"parent":0,"menu_order":0,"comment_status":"closed","ping_status":"closed","template":"","meta":{"footnotes":""},"class_list":["post-50","page","type-page","status-publish","hentry"],"yoast_head":"<!-- This site is optimized with the Yoast SEO plugin v25.3.1 - https:\/\/yoast.com\/wordpress\/plugins\/seo\/ -->\n<title>Introduction - Concerto Plus<\/title>\n<meta name=\"description\" content=\"CONCERTO is a European Union initiative within the European Research Framework Programme.\" \/>\n<meta name=\"robots\" content=\"index, follow, max-snippet:-1, max-image-preview:large, max-video-preview:-1\" \/>\n<link rel=\"canonical\" href=\"https:\/\/www.concertoplus.eu\/sk\/uvod\/\" \/>\n<meta property=\"og:locale\" content=\"sk_SK\" \/>\n<meta property=\"og:type\" content=\"article\" \/>\n<meta property=\"og:title\" content=\"Introduction - Concerto Plus\" \/>\n<meta property=\"og:description\" content=\"CONCERTO is a European Union initiative within the European Research Framework Programme.\" \/>\n<meta property=\"og:url\" content=\"https:\/\/www.concertoplus.eu\/sk\/uvod\/\" \/>\n<meta property=\"og:site_name\" content=\"Concerto Plus\" \/>\n<meta property=\"article:modified_time\" content=\"2015-09-23T12:07:44+00:00\" \/>\n<meta property=\"og:image\" content=\"https:\/\/www.concertoplus.eu\/wp-content\/uploads\/2015\/09\/image2.jpg\" \/>\n\t<meta property=\"og:image:width\" content=\"818\" \/>\n\t<meta property=\"og:image:height\" content=\"230\" \/>\n\t<meta property=\"og:image:type\" content=\"image\/jpeg\" \/>\n<meta name=\"twitter:card\" content=\"summary_large_image\" \/>\n<meta name=\"twitter:label1\" content=\"Predpokladan\u00fd \u010das \u010d\u00edtania\" \/>\n\t<meta name=\"twitter:data1\" content=\"1 min\u00fata\" \/>\n<script type=\"application\/ld+json\" class=\"yoast-schema-graph\">{\"@context\":\"https:\/\/schema.org\",\"@graph\":[{\"@type\":\"WebPage\",\"@id\":\"https:\/\/www.concertoplus.eu\/sk\/uvod\/\",\"url\":\"https:\/\/www.concertoplus.eu\/sk\/uvod\/\",\"name\":\"Introduction - Concerto Plus\",\"isPartOf\":{\"@id\":\"https:\/\/www.concertoplus.eu\/sk\/#website\"},\"primaryImageOfPage\":{\"@id\":\"https:\/\/www.concertoplus.eu\/sk\/uvod\/#primaryimage\"},\"image\":{\"@id\":\"https:\/\/www.concertoplus.eu\/sk\/uvod\/#primaryimage\"},\"thumbnailUrl\":\"http:\/\/www.concertoplus.eu\/wp-content\/uploads\/2015\/09\/image2.jpg\",\"datePublished\":\"2015-09-23T11:57:21+00:00\",\"dateModified\":\"2015-09-23T12:07:44+00:00\",\"description\":\"CONCERTO is a European Union initiative within the European Research Framework Programme.\",\"breadcrumb\":{\"@id\":\"https:\/\/www.concertoplus.eu\/sk\/uvod\/#breadcrumb\"},\"inLanguage\":\"sk-SK\",\"potentialAction\":[{\"@type\":\"ReadAction\",\"target\":[\"https:\/\/www.concertoplus.eu\/sk\/uvod\/\"]}]},{\"@type\":\"ImageObject\",\"inLanguage\":\"sk-SK\",\"@id\":\"https:\/\/www.concertoplus.eu\/sk\/uvod\/#primaryimage\",\"url\":\"http:\/\/www.concertoplus.eu\/wp-content\/uploads\/2015\/09\/image2.jpg\",\"contentUrl\":\"http:\/\/www.concertoplus.eu\/wp-content\/uploads\/2015\/09\/image2.jpg\"},{\"@type\":\"BreadcrumbList\",\"@id\":\"https:\/\/www.concertoplus.eu\/sk\/uvod\/#breadcrumb\",\"itemListElement\":[{\"@type\":\"ListItem\",\"position\":1,\"name\":\"Home\",\"item\":\"https:\/\/www.concertoplus.eu\/\"},{\"@type\":\"ListItem\",\"position\":2,\"name\":\"Introduction\"}]},{\"@type\":\"WebSite\",\"@id\":\"https:\/\/www.concertoplus.eu\/sk\/#website\",\"url\":\"https:\/\/www.concertoplus.eu\/sk\/\",\"name\":\"Concerto Plus\",\"description\":\"\",\"potentialAction\":[{\"@type\":\"SearchAction\",\"target\":{\"@type\":\"EntryPoint\",\"urlTemplate\":\"https:\/\/www.concertoplus.eu\/sk\/?s={search_term_string}\"},\"query-input\":{\"@type\":\"PropertyValueSpecification\",\"valueRequired\":true,\"valueName\":\"search_term_string\"}}],\"inLanguage\":\"sk-SK\"}]}<\/script>\n<!-- \/ Yoast SEO plugin. -->","yoast_head_json":{"title":"Introduction - Concerto Plus","description":"CONCERTO is a European Union initiative within the European Research Framework Programme.","robots":{"index":"index","follow":"follow","max-snippet":"max-snippet:-1","max-image-preview":"max-image-preview:large","max-video-preview":"max-video-preview:-1"},"canonical":"https:\/\/www.concertoplus.eu\/sk\/uvod\/","og_locale":"sk_SK","og_type":"article","og_title":"Introduction - Concerto Plus","og_description":"CONCERTO is a European Union initiative within the European Research Framework Programme.","og_url":"https:\/\/www.concertoplus.eu\/sk\/uvod\/","og_site_name":"Concerto Plus","article_modified_time":"2015-09-23T12:07:44+00:00","og_image":[{"width":818,"height":230,"url":"https:\/\/www.concertoplus.eu\/wp-content\/uploads\/2015\/09\/image2.jpg","type":"image\/jpeg"}],"twitter_card":"summary_large_image","twitter_misc":{"Predpokladan\u00fd \u010das \u010d\u00edtania":"1 min\u00fata"},"schema":{"@context":"https:\/\/schema.org","@graph":[{"@type":"WebPage","@id":"https:\/\/www.concertoplus.eu\/sk\/uvod\/","url":"https:\/\/www.concertoplus.eu\/sk\/uvod\/","name":"Introduction - Concerto Plus","isPartOf":{"@id":"https:\/\/www.concertoplus.eu\/sk\/#website"},"primaryImageOfPage":{"@id":"https:\/\/www.concertoplus.eu\/sk\/uvod\/#primaryimage"},"image":{"@id":"https:\/\/www.concertoplus.eu\/sk\/uvod\/#primaryimage"},"thumbnailUrl":"http:\/\/www.concertoplus.eu\/wp-content\/uploads\/2015\/09\/image2.jpg","datePublished":"2015-09-23T11:57:21+00:00","dateModified":"2015-09-23T12:07:44+00:00","description":"CONCERTO is a European Union initiative within the European Research Framework Programme.","breadcrumb":{"@id":"https:\/\/www.concertoplus.eu\/sk\/uvod\/#breadcrumb"},"inLanguage":"sk-SK","potentialAction":[{"@type":"ReadAction","target":["https:\/\/www.concertoplus.eu\/sk\/uvod\/"]}]},{"@type":"ImageObject","inLanguage":"sk-SK","@id":"https:\/\/www.concertoplus.eu\/sk\/uvod\/#primaryimage","url":"http:\/\/www.concertoplus.eu\/wp-content\/uploads\/2015\/09\/image2.jpg","contentUrl":"http:\/\/www.concertoplus.eu\/wp-content\/uploads\/2015\/09\/image2.jpg"},{"@type":"BreadcrumbList","@id":"https:\/\/www.concertoplus.eu\/sk\/uvod\/#breadcrumb","itemListElement":[{"@type":"ListItem","position":1,"name":"Home","item":"https:\/\/www.concertoplus.eu\/"},{"@type":"ListItem","position":2,"name":"Introduction"}]},{"@type":"WebSite","@id":"https:\/\/www.concertoplus.eu\/sk\/#website","url":"https:\/\/www.concertoplus.eu\/sk\/","name":"Concerto Plus","description":"","potentialAction":[{"@type":"SearchAction","target":{"@type":"EntryPoint","urlTemplate":"https:\/\/www.concertoplus.eu\/sk\/?s={search_term_string}"},"query-input":{"@type":"PropertyValueSpecification","valueRequired":true,"valueName":"search_term_string"}}],"inLanguage":"sk-SK"}]}},"_links":{"self":[{"href":"https:\/\/www.concertoplus.eu\/sk\/wp-json\/wp\/v2\/pages\/50","targetHints":{"allow":["GET"]}}],"collection":[{"href":"https:\/\/www.concertoplus.eu\/sk\/wp-json\/wp\/v2\/pages"}],"about":[{"href":"https:\/\/www.concertoplus.eu\/sk\/wp-json\/wp\/v2\/types\/page"}],"author":[{"embeddable":true,"href":"https:\/\/www.concertoplus.eu\/sk\/wp-json\/wp\/v2\/users\/1"}],"replies":[{"embeddable":true,"href":"https:\/\/www.concertoplus.eu\/sk\/wp-json\/wp\/v2\/comments?post=50"}],"version-history":[{"count":0,"href":"https:\/\/www.concertoplus.eu\/sk\/wp-json\/wp\/v2\/pages\/50\/revisions"}],"wp:attachment":[{"href":"https:\/\/www.concertoplus.eu\/sk\/wp-json\/wp\/v2\/media?parent=50"}],"curies":[{"name":"wp","href":"https:\/\/api.w.org\/{rel}","templated":true}]}}